{"id":2,"date":"2023-08-03T21:37:41","date_gmt":"2023-08-03T19:37:41","guid":{"rendered":"https:\/\/www.feketezaj.hu\/?page_id=2"},"modified":"2023-10-26T21:00:29","modified_gmt":"2023-10-26T19:00:29","slug":"fooldal","status":"publish","type":"page","link":"https:\/\/www.feketezaj.hu\/en\/fooldal\/","title":{"rendered":"F\u0151oldal"},"content":{"rendered":"<p>[et_pb_section fb_built=&#8221;1&#8243; next_background_color=&#8221;#ffffff&#8221; admin_label=&#8221;Header&#8221; _builder_version=&#8221;4.21.2&#8243; background_enable_color=&#8221;off&#8221; background_image=&#8221;https:\/\/www.feketezaj.hu\/wp-content\/uploads\/2023\/08\/zaj-23_event-cover.jpg&#8221; custom_margin=&#8221;||||false&#8221; custom_padding=&#8221;12vw||12vw||true|false&#8221; bottom_divider_style=&#8221;curve&#8221; bottom_divider_height=&#8221;6vw&#8221; global_colors_info=&#8221;{}&#8221;][et_pb_row _builder_version=&#8221;4.21.2&#8243; background_enable_image=&#8221;off&#8221; background_size=&#8221;contain&#8221; animation_style=&#8221;zoom&#8221; animation_intensity_zoom=&#8221;10%&#8221; global_colors_info=&#8221;{}&#8221;][et_pb_column type=&#8221;4_4&#8243; _builder_version=&#8221;4.16&#8243; custom_padding=&#8221;|||&#8221; global_colors_info=&#8221;{}&#8221; custom_padding__hover=&#8221;|||&#8221;][et_pb_text _builder_version=&#8221;4.21.2&#8243; text_font=&#8221;||||||||&#8221; header_font=&#8221;DM Sans|500||on|||||&#8221; header_font_size=&#8221;18px&#8221; header_letter_spacing=&#8221;5px&#8221; header_line_height=&#8221;1.5em&#8221; header_2_font=&#8221;Alata|||on|||||&#8221; header_2_font_size=&#8221;70px&#8221; header_2_letter_spacing=&#8221;5px&#8221; header_2_line_height=&#8221;1.4em&#8221; text_orientation=&#8221;center&#8221; background_layout=&#8221;dark&#8221; header_font_size_tablet=&#8221;&#8221; header_font_size_phone=&#8221;12px&#8221; header_font_size_last_edited=&#8221;on|desktop&#8221; header_2_font_size_tablet=&#8221;50px&#8221; header_2_font_size_phone=&#8221;30px&#8221; header_2_font_size_last_edited=&#8221;on|desktop&#8221; global_colors_info=&#8221;{}&#8221;]<\/p>\n<h2>Fekete Zaj<\/h2>\n<h1>m\u00e1tra, s\u00e1st\u00f3 \/\/ 2024.08.15-19.<\/h1>\n<p>[\/et_pb_text][\/et_pb_column][\/et_pb_row][et_pb_row use_custom_gutter=&#8221;on&#8221; gutter_width=&#8221;2&#8243; make_equal=&#8221;on&#8221; _builder_version=&#8221;4.21.2&#8243; width=&#8221;30%&#8221; width_tablet=&#8221;30%&#8221; width_phone=&#8221;20%&#8221; width_last_edited=&#8221;on|phone&#8221; global_colors_info=&#8221;{}&#8221;][et_pb_column type=&#8221;4_4&#8243; _builder_version=&#8221;4.16&#8243; custom_padding=&#8221;|||&#8221; global_colors_info=&#8221;{}&#8221; custom_padding__hover=&#8221;|||&#8221;][et_pb_button button_url=&#8221;https:\/\/www.facebook.com\/events\/1110442960341972&#8243; url_new_window=&#8221;on&#8221; button_text=&#8221;Event&#8221; button_alignment=&#8221;center&#8221; _builder_version=&#8221;4.21.2&#8243; custom_button=&#8221;on&#8221; button_text_size=&#8221;13px&#8221; button_text_color=&#8221;#ffffff&#8221; button_bg_color=&#8221;#000000&#8243; button_border_width=&#8221;0px&#8221; button_border_color=&#8221;rgba(0,0,0,0)&#8221; button_border_radius=&#8221;100px&#8221; button_letter_spacing=&#8221;2px&#8221; button_font=&#8221;Montserrat|500||on|||||&#8221; button_use_icon=&#8221;off&#8221; custom_margin_tablet=&#8221;&#8221; custom_margin_phone=&#8221;0px|||0px|false|false&#8221; custom_margin_last_edited=&#8221;on|phone&#8221; custom_padding=&#8221;13px|27px|13px|27px|true|true&#8221; hover_enabled=&#8221;0&#8243; button_text_size_tablet=&#8221;10px&#8221; button_text_size_phone=&#8221;7px&#8221; button_text_size_last_edited=&#8221;on|tablet&#8221; button_letter_spacing_hover=&#8221;2px&#8221; global_colors_info=&#8221;{}&#8221; button_text_size__hover_enabled=&#8221;off&#8221; button_one_text_size__hover_enabled=&#8221;off&#8221; button_two_text_size__hover_enabled=&#8221;off&#8221; button_text_color__hover_enabled=&#8221;off&#8221; button_one_text_color__hover_enabled=&#8221;off&#8221; button_two_text_color__hover_enabled=&#8221;off&#8221; button_border_width__hover_enabled=&#8221;off&#8221; button_one_border_width__hover_enabled=&#8221;off&#8221; button_two_border_width__hover_enabled=&#8221;off&#8221; button_border_color__hover_enabled=&#8221;off&#8221; button_one_border_color__hover_enabled=&#8221;off&#8221; button_two_border_color__hover_enabled=&#8221;off&#8221; button_border_radius__hover_enabled=&#8221;off&#8221; button_one_border_radius__hover_enabled=&#8221;off&#8221; button_two_border_radius__hover_enabled=&#8221;off&#8221; button_letter_spacing__hover_enabled=&#8221;on&#8221; button_letter_spacing__hover=&#8221;2px&#8221; button_one_letter_spacing__hover_enabled=&#8221;off&#8221; button_two_letter_spacing__hover_enabled=&#8221;off&#8221; button_bg_color__hover_enabled=&#8221;off&#8221; button_one_bg_color__hover_enabled=&#8221;off&#8221; button_two_bg_color__hover_enabled=&#8221;off&#8221; sticky_enabled=&#8221;0&#8243;][\/et_pb_button][\/et_pb_column][\/et_pb_row][\/et_pb_section][et_pb_section fb_built=&#8221;1&#8243; admin_label=&#8221;Feature&#8221; _builder_version=&#8221;4.16&#8243; global_colors_info=&#8221;{}&#8221;][et_pb_row _builder_version=&#8221;4.21.2&#8243; _module_preset=&#8221;default&#8221;][et_pb_column _builder_version=&#8221;4.21.2&#8243; _module_preset=&#8221;default&#8221; type=&#8221;4_4&#8243;][et_pb_video src=&#8221;https:\/\/www.youtube.com\/watch?v=I2VUr5wfAMc&#038;t=8s&#8221; _builder_version=&#8221;4.21.2&#8243; _module_preset=&#8221;default&#8221; hover_enabled=&#8221;0&#8243; sticky_enabled=&#8221;0&#8243;][\/et_pb_video][\/et_pb_column][\/et_pb_row][\/et_pb_section]<\/p>","protected":false},"excerpt":{"rendered":"<p>Fekete Zaj m\u00e1tra, s\u00e1st\u00f3 \/\/ 2024.08.15-19.<\/p>","protected":false},"author":1,"featured_media":0,"parent":0,"menu_order":0,"comment_status":"closed","ping_status":"closed","template":"","meta":{"_et_pb_use_builder":"on","_et_pb_old_content":"<!-- wp:paragraph -->\n<p>Ez egy mintaoldal. Az oldal k\u00fcl\u00f6nb\u00f6zik a bejegyz\u00e9st\u0151l annyiban, hogy az oldal egy \u00e1lland\u00f3 tartalm\u00fa bejegyz\u00e9s, ami - a legt\u00f6bb sablonn\u00e1l - a weboldal navig\u00e1ci\u00f3s r\u00e9sz\u00e9ben \u00e1lland\u00f3 helyen van.\nA legt\u00f6bb ember olyan Bemutatkoz\u00f3 oldallal kezd, amelyik bemutatja \u0151t, vagy a tev\u00e9kenys\u00e9g\u00e9t a weboldal l\u00e1togat\u00f3inak. A Bemutatkoz\u00e1s oldal valami ilyesmi lehet:<\/p>\n<!-- \/wp:paragraph -->\n\n<!-- wp:quote -->\n<blockquote class=\"wp-block-quote\"><p>\u00dcdv\u00f6zlet az Olvas\u00f3knak! Nappal biciklis pizzafut\u00e1r vagyok, \u00e9jszaka pedig egy t\u00f6rekv\u0151 sz\u00edn\u00e9sz-tanonc, ez pedig az \u00e9n weboldalam.<br>Budapesten \u00e9lek \u00e9s van egy csod\u00e1latos n\u00e9met juh\u00e1sz kuty\u00e1m, aki Velorex n\u00e9vre hallgat. Kedvenc kokt\u00e9lom a Pi\u00f1a Colada, de a Mojitot is nagyon kedvelem. (De, az\u00e9rt az igazi ned\u0171: egy b\u00e1rsonyos v\u00f6r\u00f6sbor.)<\/p><\/blockquote>\n<!-- \/wp:quote -->\n\n<!-- wp:paragraph -->\n<p>\u2026vagy valami eg\u00e9szen m\u00e1s:<\/p>\n<!-- \/wp:paragraph -->\n\n<!-- wp:quote -->\n<blockquote class=\"wp-block-quote\"><p>Az XYZ Bigy\u00f3 V\u00e1llalatot 1971-ben alap\u00edtott\u00e1k, az\u00f3ta gy\u00e1rtja a legjobb min\u0151s\u00e9g\u0171 bigy\u00f3kat. A c\u00e9g k\u00f6zpontja Budapesten tal\u00e1lhat\u00f3, ahol t\u00f6bb mint 2000 embert foglalkoztatnak, valamint sz\u00e1mos k\u00f6z\u00f6ss\u00e9gi \u00e9s j\u00f3t\u00e9konys\u00e1gi programban is akt\u00edvan r\u00e9sztvesznek.<\/p><\/blockquote>\n<!-- \/wp:quote -->\n\n<!-- wp:paragraph -->\n<p>\u00daj WordPress felhaszn\u00e1l\u00f3k\u00e9nt a <a href=\"https:\/\/www.feketezaj.hu\/wp-admin\/\">Vez\u00e9rl\u0151pult<\/a> r\u00e9szre ugorva lehet t\u00f6r\u00f6lni ezt az oldalt, \u00e9s l\u00e9trehozni egy \u00faja oldalt a saj\u00e1t tartalmunk r\u00e9sz\u00e9re. J\u00f3 sz\u00f3rakoz\u00e1st!<\/p>\n<!-- \/wp:paragraph -->","_et_gb_content_width":"","footnotes":""},"class_list":["post-2","page","type-page","status-publish","hentry"],"_links":{"self":[{"href":"https:\/\/www.feketezaj.hu\/en\/wp-json\/wp\/v2\/pages\/2","targetHints":{"allow":["GET"]}}],"collection":[{"href":"https:\/\/www.feketezaj.hu\/en\/wp-json\/wp\/v2\/pages"}],"about":[{"href":"https:\/\/www.feketezaj.hu\/en\/wp-json\/wp\/v2\/types\/page"}],"author":[{"embeddable":true,"href":"https:\/\/www.feketezaj.hu\/en\/wp-json\/wp\/v2\/users\/1"}],"replies":[{"embeddable":true,"href":"https:\/\/www.feketezaj.hu\/en\/wp-json\/wp\/v2\/comments?post=2"}],"version-history":[{"count":17,"href":"https:\/\/www.feketezaj.hu\/en\/wp-json\/wp\/v2\/pages\/2\/revisions"}],"predecessor-version":[{"id":393,"href":"https:\/\/www.feketezaj.hu\/en\/wp-json\/wp\/v2\/pages\/2\/revisions\/393"}],"wp:attachment":[{"href":"https:\/\/www.feketezaj.hu\/en\/wp-json\/wp\/v2\/media?parent=2"}],"curies":[{"name":"wp","href":"https:\/\/api.w.org\/{rel}","templated":true}]}}