{"id":211,"date":"2023-08-08T15:44:15","date_gmt":"2023-08-08T13:44:15","guid":{"rendered":"https:\/\/www.feketezaj.hu\/?page_id=211"},"modified":"2023-08-08T18:03:49","modified_gmt":"2023-08-08T16:03:49","slug":"jegyek","status":"publish","type":"page","link":"https:\/\/www.feketezaj.hu\/en\/jegyek\/","title":{"rendered":"Tickets"},"content":{"rendered":"<p>[et_pb_section fb_built=&#8221;1&#8243; next_background_color=&#8221;#000000&#8243; admin_label=&#8221;Header&#8221; _builder_version=&#8221;4.16&#8243; bottom_divider_style=&#8221;wave&#8221; bottom_divider_height=&#8221;10vw&#8221; bottom_divider_flip=&#8221;horizontal&#8221; global_colors_info=&#8221;{}&#8221;][et_pb_row column_structure=&#8221;1_2,1_2&#8243; _builder_version=&#8221;4.16&#8243; background_size=&#8221;contain&#8221; global_colors_info=&#8221;{}&#8221;][et_pb_column type=&#8221;1_2&#8243; _builder_version=&#8221;4.16&#8243; custom_padding=&#8221;|||&#8221; custom_padding_tablet=&#8221;0px|||&#8221; custom_padding_last_edited=&#8221;off|desktop&#8221; global_colors_info=&#8221;{}&#8221; custom_padding__hover=&#8221;|||&#8221;][et_pb_text _builder_version=&#8221;4.21.2&#8243; text_font=&#8221;||||||||&#8221; ul_font=&#8221;||||||||&#8221; ol_font=&#8221;||||||||&#8221; header_font=&#8221;Montserrat|500||on|||||&#8221; header_font_size=&#8221;18px&#8221; header_letter_spacing=&#8221;5px&#8221; header_line_height=&#8221;1.5em&#8221; header_2_font=&#8221;Merriweather|700|||||||&#8221; header_2_font_size=&#8221;60px&#8221; header_2_line_height=&#8221;1.4em&#8221; header_3_font=&#8221;||||||||&#8221; header_4_font=&#8221;||||||||&#8221; header_5_font=&#8221;||||||||&#8221; header_6_font=&#8221;||||||||&#8221; custom_margin=&#8221;||-15px|||&#8221; custom_padding=&#8221;||0px|||&#8221; hover_enabled=&#8221;0&#8243; header_font_size_tablet=&#8221;&#8221; header_font_size_phone=&#8221;12px&#8221; header_font_size_last_edited=&#8221;on|desktop&#8221; header_2_font_size_tablet=&#8221;50px&#8221; header_2_font_size_phone=&#8221;30px&#8221; header_2_font_size_last_edited=&#8221;on|desktop&#8221; global_colors_info=&#8221;{}&#8221; sticky_enabled=&#8221;0&#8243;]<\/p>\n<h2>Tickets<\/h2>\n<h1>mer\u00fclj el vel\u00fcnk az underground legs\u00f6t\u00e9tebb r\u00e9tegeiben<\/h1>\n<p>Tarts vel\u00fcnk egy k\u00fcl\u00f6nleges zenei \u00e9s vizu\u00e1lis utaz\u00e1sra, fedezd fel a r\u00e9tegzen\u00e9k legszebbjeit!<strong>\u00a0<\/strong><\/p>\n<p><strong>2023. augusztus 16-19. <\/strong><strong>@ M\u00e1tra-S\u00e1st\u00f3<\/strong><\/p>\n<p><strong>B\u00e9rletek:<\/strong><\/p>\n<p>Early bird b\u00e9rletek: 29.990 Ft<br \/>Limit\u00e1lt el\u0151v\u00e9tel I: 32.990 Ft<br \/>Limit\u00e1lt el\u0151v\u00e9tel II. 34.990 Ft<br \/>Limit\u00e1lt el\u0151v\u00e9tel II. 36.990 Ft<br \/>El\u0151v\u00e9tel: 38.990 Ft<br \/>Teljes \u00e1r: 39.990 Ft<strong><\/strong><\/p>\n<p><strong>Napijegyek:<\/strong><\/p>\n<p>Early bird: 11.990 Ft<br \/>El\u0151v\u00e9tel: 13.990 Ft<br \/>Teljes \u00e1r: 15.990 Ft<\/p>\n<p>&nbsp;<\/p>\n<p>[\/et_pb_text][et_pb_button button_url=&#8221;https:\/\/tixa.hu\/feketezaj2023&#8243; url_new_window=&#8221;on&#8221; button_text=&#8221;jegyek&#8221; _builder_version=&#8221;4.21.2&#8243; custom_button=&#8221;on&#8221; button_text_size=&#8221;13px&#8221; button_text_color=&#8221;#ffffff&#8221; button_bg_color=&#8221;#bf9333&#8243; button_border_width=&#8221;0px&#8221; button_border_color=&#8221;rgba(0,0,0,0)&#8221; button_border_radius=&#8221;100px&#8221; button_letter_spacing=&#8221;2px&#8221; button_font=&#8221;Montserrat|500||on|||||&#8221; button_use_icon=&#8221;off&#8221; custom_padding=&#8221;16px|30px|16px|30px|true|true&#8221; box_shadow_style=&#8221;preset1&#8243; box_shadow_vertical=&#8221;10px&#8221; box_shadow_blur=&#8221;20px&#8221; box_shadow_color=&#8221;#FFFFFF&#8221; button_letter_spacing_hover=&#8221;2px&#8221; locked=&#8221;off&#8221; global_colors_info=&#8221;{}&#8221; button_text_size__hover_enabled=&#8221;off&#8221; button_one_text_size__hover_enabled=&#8221;off&#8221; button_two_text_size__hover_enabled=&#8221;off&#8221; button_text_color__hover_enabled=&#8221;off&#8221; button_one_text_color__hover_enabled=&#8221;off&#8221; button_two_text_color__hover_enabled=&#8221;off&#8221; button_border_width__hover_enabled=&#8221;off&#8221; button_one_border_width__hover_enabled=&#8221;off&#8221; button_two_border_width__hover_enabled=&#8221;off&#8221; button_border_color__hover_enabled=&#8221;off&#8221; button_one_border_color__hover_enabled=&#8221;off&#8221; button_two_border_color__hover_enabled=&#8221;off&#8221; button_border_radius__hover_enabled=&#8221;off&#8221; button_one_border_radius__hover_enabled=&#8221;off&#8221; button_two_border_radius__hover_enabled=&#8221;off&#8221; button_letter_spacing__hover_enabled=&#8221;on&#8221; button_letter_spacing__hover=&#8221;2px&#8221; button_one_letter_spacing__hover_enabled=&#8221;off&#8221; button_two_letter_spacing__hover_enabled=&#8221;off&#8221; button_bg_color__hover_enabled=&#8221;off&#8221; button_one_bg_color__hover_enabled=&#8221;off&#8221; button_two_bg_color__hover_enabled=&#8221;off&#8221;][\/et_pb_button][\/et_pb_column][et_pb_column type=&#8221;1_2&#8243; _builder_version=&#8221;4.16&#8243; custom_padding=&#8221;|||&#8221; global_colors_info=&#8221;{}&#8221; custom_padding__hover=&#8221;|||&#8221;][et_pb_image src=&#8221;https:\/\/www.feketezaj.hu\/wp-content\/uploads\/2023\/08\/DSC10031.jpg&#8221; title_text=&#8221;_DSC10031&#8243; _builder_version=&#8221;4.21.2&#8243; _module_preset=&#8221;default&#8221; global_colors_info=&#8221;{}&#8221;][\/et_pb_image][\/et_pb_column][\/et_pb_row][\/et_pb_section]<\/p>","protected":false},"excerpt":{"rendered":"<p>Jegyek mer\u00fclj el vel\u00fcnk az underground legs\u00f6t\u00e9tebb r\u00e9tegeiben Tarts vel\u00fcnk egy k\u00fcl\u00f6nleges zenei \u00e9s vizu\u00e1lis utaz\u00e1sra, fedezd fel a r\u00e9tegzen\u00e9k legszebbjeit!\u00a0 2023. augusztus 16-19. @ M\u00e1tra-S\u00e1st\u00f3 B\u00e9rletek: Early bird b\u00e9rletek: 29.990 FtLimit\u00e1lt el\u0151v\u00e9tel I: 32.990 FtLimit\u00e1lt el\u0151v\u00e9tel II. 34.990 FtLimit\u00e1lt el\u0151v\u00e9tel II. 36.990 FtEl\u0151v\u00e9tel: 38.990 FtTeljes \u00e1r: 39.990 Ft Napijegyek: Early bird: 11.990 FtEl\u0151v\u00e9tel: 13.990 [&hellip;]<\/p>","protected":false},"author":1,"featured_media":0,"parent":0,"menu_order":0,"comment_status":"closed","ping_status":"closed","template":"","meta":{"_et_pb_use_builder":"on","_et_pb_old_content":"","_et_gb_content_width":"","footnotes":""},"class_list":["post-211","page","type-page","status-publish","hentry"],"_links":{"self":[{"href":"https:\/\/www.feketezaj.hu\/en\/wp-json\/wp\/v2\/pages\/211","targetHints":{"allow":["GET"]}}],"collection":[{"href":"https:\/\/www.feketezaj.hu\/en\/wp-json\/wp\/v2\/pages"}],"about":[{"href":"https:\/\/www.feketezaj.hu\/en\/wp-json\/wp\/v2\/types\/page"}],"author":[{"embeddable":true,"href":"https:\/\/www.feketezaj.hu\/en\/wp-json\/wp\/v2\/users\/1"}],"replies":[{"embeddable":true,"href":"https:\/\/www.feketezaj.hu\/en\/wp-json\/wp\/v2\/comments?post=211"}],"version-history":[{"count":11,"href":"https:\/\/www.feketezaj.hu\/en\/wp-json\/wp\/v2\/pages\/211\/revisions"}],"predecessor-version":[{"id":295,"href":"https:\/\/www.feketezaj.hu\/en\/wp-json\/wp\/v2\/pages\/211\/revisions\/295"}],"wp:attachment":[{"href":"https:\/\/www.feketezaj.hu\/en\/wp-json\/wp\/v2\/media?parent=211"}],"curies":[{"name":"wp","href":"https:\/\/api.w.org\/{rel}","templated":true}]}}