{"id":307,"date":"2023-08-10T14:22:05","date_gmt":"2023-08-10T12:22:05","guid":{"rendered":"https:\/\/www.feketezaj.hu\/?page_id=307"},"modified":"2025-09-02T12:33:18","modified_gmt":"2025-09-02T10:33:18","slug":"cashless","status":"publish","type":"page","link":"https:\/\/www.feketezaj.hu\/en\/cashless\/","title":{"rendered":"Cashless"},"content":{"rendered":"<p>[et_pb_section fb_built=&#8221;1&#8243; next_background_color=&#8221;#000000&#8243; admin_label=&#8221;Header&#8221; _builder_version=&#8221;4.16&#8243; bottom_divider_style=&#8221;wave&#8221; bottom_divider_height=&#8221;10vw&#8221; bottom_divider_flip=&#8221;horizontal&#8221; global_colors_info=&#8221;{}&#8221;][et_pb_row column_structure=&#8221;1_2,1_2&#8243; _builder_version=&#8221;4.16&#8243; background_size=&#8221;contain&#8221; global_colors_info=&#8221;{}&#8221;][et_pb_column type=&#8221;1_2&#8243; _builder_version=&#8221;4.16&#8243; custom_padding=&#8221;|||&#8221; custom_padding_tablet=&#8221;0px|||&#8221; custom_padding_last_edited=&#8221;off|desktop&#8221; global_colors_info=&#8221;{}&#8221; custom_padding__hover=&#8221;|||&#8221;][et_pb_text _builder_version=&#8221;4.21.2&#8243; text_font=&#8221;||||||||&#8221; ul_font=&#8221;||||||||&#8221; ol_font=&#8221;||||||||&#8221; header_font=&#8221;Montserrat|500||on|||||&#8221; header_font_size=&#8221;18px&#8221; header_letter_spacing=&#8221;5px&#8221; header_line_height=&#8221;1.5em&#8221; header_2_font=&#8221;Merriweather|700|||||||&#8221; header_2_font_size=&#8221;60px&#8221; header_2_line_height=&#8221;1.4em&#8221; header_3_font=&#8221;||||||||&#8221; header_4_font=&#8221;||||||||&#8221; header_5_font=&#8221;||||||||&#8221; header_6_font=&#8221;||||||||&#8221; custom_margin=&#8221;||-15px|||&#8221; custom_padding=&#8221;||0px|||&#8221; hover_enabled=&#8221;0&#8243; header_font_size_tablet=&#8221;&#8221; header_font_size_phone=&#8221;12px&#8221; header_font_size_last_edited=&#8221;on|desktop&#8221; header_2_font_size_tablet=&#8221;50px&#8221; header_2_font_size_phone=&#8221;30px&#8221; header_2_font_size_last_edited=&#8221;on|desktop&#8221; global_colors_info=&#8221;{}&#8221; sticky_enabled=&#8221;0&#8243;]<\/p>\n<h2>Cashless<\/h2>\n<h1><span style=\"font-family: 'inherit',serif; font-weight: normal;\">K\u00e9szp\u00e9nzmentes fizet\u00e9si rendszer<o:p><\/o:p><\/span><\/h1>\n<p style=\"margin-top: 0cm;\">Cashless is a system which makes money transactions on the festival faster and easier. You will have a wristband onto which you can upload any amount of your choice to spend at any catering service or shop within festival grounds. Any amount left on your wristband can be reclaimed in person at the festival or afterwards online.<o:p><\/o:p><\/p>\n<p style=\"margin-top: 0cm;\">A karszalagon maradt egyenleged szeptember 3.-\u00e1n 23:59-ig ig\u00e9nyelheted vissza ezen a linken. Ha m\u00e1r regisztr\u00e1lt\u00e1l, csak nyomj r\u00e1 a Refund gombra, ha pedig m\u00e9g nem, akkor a karszalagod h\u00e1tulj\u00e1n tal\u00e1lhat\u00f3 k\u00f3d seg\u00edts\u00e9g\u00e9vel tudsz regisztr\u00e1lni. Ha elakadt\u00e1l, \u00edrj egy \u00fczenetet az info@feketezaj.hu-ra!<\/p>\n<p style=\"margin-top: 0cm;\">\n<p style=\"margin-top: 0cm;\">[\/et_pb_text][et_pb_button button_url=&#8221;https:\/\/widget.weezevent.com\/pay\/338224\/widgets\/c32d9dd8-b836-4bb4-be87-5d62923170a7\/login&#8221; url_new_window=&#8221;on&#8221; button_text=&#8221;p\u00e9nzvisszav\u00e1lt\u00e1s&#8221; _builder_version=&#8221;4.21.2&#8243; custom_button=&#8221;on&#8221; button_text_size=&#8221;13px&#8221; button_text_color=&#8221;#ffffff&#8221; button_bg_color=&#8221;#bf9333&#8243; button_border_width=&#8221;0px&#8221; button_border_color=&#8221;rgba(0,0,0,0)&#8221; button_border_radius=&#8221;100px&#8221; button_letter_spacing=&#8221;2px&#8221; button_font=&#8221;Montserrat|500||on|||||&#8221; button_use_icon=&#8221;off&#8221; custom_padding=&#8221;16px|30px|16px|30px|true|true&#8221; hover_enabled=&#8221;0&#8243; box_shadow_style=&#8221;preset1&#8243; box_shadow_vertical=&#8221;10px&#8221; box_shadow_blur=&#8221;20px&#8221; box_shadow_color=&#8221;#FFFFFF&#8221; button_letter_spacing_hover=&#8221;2px&#8221; locked=&#8221;off&#8221; global_colors_info=&#8221;{}&#8221; button_text_size__hover_enabled=&#8221;off&#8221; button_one_text_size__hover_enabled=&#8221;off&#8221; button_two_text_size__hover_enabled=&#8221;off&#8221; button_text_color__hover_enabled=&#8221;off&#8221; button_one_text_color__hover_enabled=&#8221;off&#8221; button_two_text_color__hover_enabled=&#8221;off&#8221; button_border_width__hover_enabled=&#8221;off&#8221; button_one_border_width__hover_enabled=&#8221;off&#8221; button_two_border_width__hover_enabled=&#8221;off&#8221; button_border_color__hover_enabled=&#8221;off&#8221; button_one_border_color__hover_enabled=&#8221;off&#8221; button_two_border_color__hover_enabled=&#8221;off&#8221; button_border_radius__hover_enabled=&#8221;off&#8221; button_one_border_radius__hover_enabled=&#8221;off&#8221; button_two_border_radius__hover_enabled=&#8221;off&#8221; button_letter_spacing__hover_enabled=&#8221;on&#8221; button_letter_spacing__hover=&#8221;2px&#8221; button_one_letter_spacing__hover_enabled=&#8221;off&#8221; button_two_letter_spacing__hover_enabled=&#8221;off&#8221; button_bg_color__hover_enabled=&#8221;off&#8221; button_one_bg_color__hover_enabled=&#8221;off&#8221; button_two_bg_color__hover_enabled=&#8221;off&#8221; sticky_enabled=&#8221;0&#8243;][\/et_pb_button][\/et_pb_column][et_pb_column type=&#8221;1_2&#8243; _builder_version=&#8221;4.16&#8243; custom_padding=&#8221;|||&#8221; global_colors_info=&#8221;{}&#8221; custom_padding__hover=&#8221;|||&#8221;][et_pb_image src=&#8221;https:\/\/www.feketezaj.hu\/wp-content\/uploads\/2023\/08\/DSC9183.jpg&#8221; title_text=&#8221;_DSC9183&#8243; _builder_version=&#8221;4.21.2&#8243; _module_preset=&#8221;default&#8221; global_colors_info=&#8221;{}&#8221;][\/et_pb_image][\/et_pb_column][\/et_pb_row][\/et_pb_section][et_pb_section fb_built=&#8221;1&#8243; admin_label=&#8221;Frequently Asked Questions&#8221; _builder_version=&#8221;4.21.2&#8243; background_color=&#8221;#000000&#8243; global_colors_info=&#8221;{}&#8221;][et_pb_row _builder_version=&#8221;4.16&#8243; global_colors_info=&#8221;{}&#8221;][et_pb_column type=&#8221;4_4&#8243; _builder_version=&#8221;4.16&#8243; custom_padding=&#8221;|||&#8221; global_colors_info=&#8221;{}&#8221; custom_padding__hover=&#8221;|||&#8221;][et_pb_text _builder_version=&#8221;4.21.2&#8243; text_font=&#8221;||||||||&#8221; text_line_height=&#8221;2em&#8221; header_font=&#8221;||||||||&#8221; header_2_font=&#8221;Merriweather|700|||||||&#8221; header_2_text_color=&#8221;#FFFFFF&#8221; header_2_font_size=&#8221;36px&#8221; header_2_line_height=&#8221;1.6em&#8221; header_3_font=&#8221;Merriweather|700|||||||&#8221; header_3_text_color=&#8221;#ffc47c&#8221; header_3_font_size=&#8221;18px&#8221; header_3_line_height=&#8221;1.8em&#8221; text_orientation=&#8221;center&#8221; header_2_font_size_tablet=&#8221;&#8221; header_2_font_size_phone=&#8221;20px&#8221; header_2_font_size_last_edited=&#8221;on|phone&#8221; header_3_font_size_tablet=&#8221;&#8221; header_3_font_size_phone=&#8221;14px&#8221; header_3_font_size_last_edited=&#8221;on|phone&#8221; locked=&#8221;off&#8221; global_colors_info=&#8221;{}&#8221;]<\/p>\n<h2>F.A.Q.<\/h2>\n<h3>Gyakori k\u00e9rd\u00e9sek<\/h3>\n<p>[\/et_pb_text][\/et_pb_column][\/et_pb_row][et_pb_row column_structure=&#8221;1_2,1_2&#8243; _builder_version=&#8221;4.16&#8243; global_colors_info=&#8221;{}&#8221;][et_pb_column type=&#8221;1_2&#8243; _builder_version=&#8221;4.16&#8243; custom_padding=&#8221;|||&#8221; global_colors_info=&#8221;{}&#8221; custom_padding__hover=&#8221;|||&#8221;][et_pb_toggle title=&#8221;Hol szerezhetem meg a karszalagomat?&#8221; open_toggle_background_color=&#8221;#ffffff&#8221; closed_toggle_background_color=&#8221;#ffffff&#8221; icon_color=&#8221;#15c39a&#8221; open_icon_color=&#8221;#15c39a&#8221; _builder_version=&#8221;4.21.2&#8243; title_text_color=&#8221;#000000&#8243; title_font=&#8221;|700||on|||||&#8221; title_font_size=&#8221;11px&#8221; title_letter_spacing=&#8221;1px&#8221; title_line_height=&#8221;2em&#8221; custom_padding=&#8221;24px||24px||true&#8221; animation_style=&#8221;zoom&#8221; animation_intensity_zoom=&#8221;10%&#8221; border_radii=&#8221;on|10px|10px|10px|10px&#8221; border_width_all=&#8221;0px&#8221; box_shadow_style=&#8221;preset1&#8243; box_shadow_vertical=&#8221;10px&#8221; box_shadow_blur=&#8221;60px&#8221; box_shadow_color=&#8221;rgba(1,33,92,0.1)&#8221; global_colors_info=&#8221;{}&#8221;]<\/p>\n<p>A karszalagodat a fesztiv\u00e1l bej\u00e1rat\u00e1n\u00e1l kapod meg, jegyed beolvas\u00e1sa ut\u00e1n.<\/p>\n<p>[\/et_pb_toggle][et_pb_toggle title=&#8221;Felt\u00f6lthetek t\u00f6bb karszalagot egy fi\u00f3kon kereszt\u00fcl?&#8221; open_toggle_background_color=&#8221;#ffffff&#8221; closed_toggle_background_color=&#8221;#ffffff&#8221; icon_color=&#8221;#15c39a&#8221; open_icon_color=&#8221;#15c39a&#8221; _builder_version=&#8221;4.21.2&#8243; title_text_color=&#8221;#000000&#8243; title_font=&#8221;|700||on|||||&#8221; title_font_size=&#8221;11px&#8221; title_letter_spacing=&#8221;1px&#8221; title_line_height=&#8221;2em&#8221; custom_padding=&#8221;24px||24px||true&#8221; animation_style=&#8221;zoom&#8221; animation_intensity_zoom=&#8221;10%&#8221; border_radii=&#8221;on|10px|10px|10px|10px&#8221; border_width_all=&#8221;0px&#8221; box_shadow_style=&#8221;preset1&#8243; box_shadow_vertical=&#8221;10px&#8221; box_shadow_blur=&#8221;60px&#8221; box_shadow_color=&#8221;rgba(1,33,92,0.1)&#8221; global_colors_info=&#8221;{}&#8221;]<\/p>\n<p style=\"margin-top: 0cm;\">Yes! Click on 'Add a new wallet' to add the ticket barcode or the code on the back of the wristband of your friends or relatives. This way you can manage all your top-ups from one account.<o:p><\/o:p><\/p>\n<p>[\/et_pb_toggle][et_pb_toggle title=&#8221;Van-e limitje vagy lej\u00e1rati d\u00e1tuma a karszalagomnak?&#8221; open_toggle_background_color=&#8221;#ffffff&#8221; closed_toggle_background_color=&#8221;#ffffff&#8221; icon_color=&#8221;#15c39a&#8221; open_icon_color=&#8221;#15c39a&#8221; _builder_version=&#8221;4.21.2&#8243; title_text_color=&#8221;#000000&#8243; title_font=&#8221;|700||on|||||&#8221; title_font_size=&#8221;11px&#8221; title_letter_spacing=&#8221;1px&#8221; title_line_height=&#8221;2em&#8221; custom_padding=&#8221;24px||24px||true&#8221; animation_style=&#8221;zoom&#8221; animation_intensity_zoom=&#8221;10%&#8221; border_radii=&#8221;on|10px|10px|10px|10px&#8221; border_width_all=&#8221;0px&#8221; box_shadow_style=&#8221;preset1&#8243; box_shadow_vertical=&#8221;10px&#8221; box_shadow_blur=&#8221;60px&#8221; box_shadow_color=&#8221;rgba(1,33,92,0.1)&#8221; global_colors_info=&#8221;{}&#8221;]<\/p>\n<p style=\"margin-top: 0cm;\">Your wristband will be valid throughout the duration of the festival to be used as often as you want. For safety reasons, the maximum amount that you can upload is 100.000 HUF.<o:p><\/o:p><\/p>\n<p>[\/et_pb_toggle][et_pb_toggle title=&#8221;Mi t\u00f6rt\u00e9nik, ha nincs el\u00e9g p\u00e9nz az egyenlegemen?&#8221; open_toggle_background_color=&#8221;#ffffff&#8221; closed_toggle_background_color=&#8221;#ffffff&#8221; icon_color=&#8221;#15c39a&#8221; open_icon_color=&#8221;#15c39a&#8221; _builder_version=&#8221;4.21.2&#8243; title_text_color=&#8221;#000000&#8243; title_font=&#8221;|700||on|||||&#8221; title_font_size=&#8221;11px&#8221; title_letter_spacing=&#8221;1px&#8221; title_line_height=&#8221;2em&#8221; custom_padding=&#8221;24px||24px||true&#8221; animation_style=&#8221;zoom&#8221; animation_intensity_zoom=&#8221;10%&#8221; border_radii=&#8221;on|10px|10px|10px|10px&#8221; border_width_all=&#8221;0px&#8221; box_shadow_style=&#8221;preset1&#8243; box_shadow_vertical=&#8221;10px&#8221; box_shadow_blur=&#8221;60px&#8221; box_shadow_color=&#8221;rgba(1,33,92,0.1)&#8221; global_colors_info=&#8221;{}&#8221;]<\/p>\n<p style=\"margin-top: 0cm;\">If your balance is too low, your payment won't be succesful, but you will be shown where the closest top-up point is. To avoid queueing, you can top up your balance online.<o:p><\/o:p><\/p>\n<p>[\/et_pb_toggle][et_pb_toggle title=&#8221;A cashless biztons\u00e1gos?&#8221; open_toggle_background_color=&#8221;#ffffff&#8221; closed_toggle_background_color=&#8221;#ffffff&#8221; icon_color=&#8221;#15c39a&#8221; open_icon_color=&#8221;#15c39a&#8221; _builder_version=&#8221;4.21.2&#8243; title_text_color=&#8221;#000000&#8243; title_font=&#8221;|700||on|||||&#8221; title_font_size=&#8221;11px&#8221; title_letter_spacing=&#8221;1px&#8221; title_line_height=&#8221;2em&#8221; custom_padding=&#8221;24px||24px||true&#8221; animation_style=&#8221;zoom&#8221; animation_intensity_zoom=&#8221;10%&#8221; border_radii=&#8221;on|10px|10px|10px|10px&#8221; border_width_all=&#8221;0px&#8221; box_shadow_style=&#8221;preset1&#8243; box_shadow_vertical=&#8221;10px&#8221; box_shadow_blur=&#8221;60px&#8221; box_shadow_color=&#8221;rgba(1,33,92,0.1)&#8221; global_colors_info=&#8221;{}&#8221;]<\/p>\n<p style=\"margin-top: 0cm;\">Igen, a karszalag chipj\u00e9t egy nagyon biztons\u00e1gos titkos\u00edt\u00e1s v\u00e9di, amely lehetetlenn\u00e9 teszi a p\u00e9nz \u00e9s a rajta t\u00e1rolt \u00f6sszes inform\u00e1ci\u00f3 lem\u00e1sol\u00e1s\u00e1t vagy ellop\u00e1s\u00e1t.<o:p><\/o:p><\/p>\n<p>[\/et_pb_toggle][et_pb_toggle title=&#8221;Mi tehetek, ha k\u00e9ts\u00e9geim vannak az egyenlegemmel kapcsolatban?&#8221; open_toggle_background_color=&#8221;#ffffff&#8221; closed_toggle_background_color=&#8221;#ffffff&#8221; icon_color=&#8221;#15c39a&#8221; open_icon_color=&#8221;#15c39a&#8221; _builder_version=&#8221;4.21.2&#8243; title_text_color=&#8221;#000000&#8243; title_font=&#8221;|700||on|||||&#8221; title_font_size=&#8221;11px&#8221; title_letter_spacing=&#8221;1px&#8221; title_line_height=&#8221;2em&#8221; custom_padding=&#8221;24px||24px||true&#8221; animation_style=&#8221;zoom&#8221; animation_intensity_zoom=&#8221;10%&#8221; border_radii=&#8221;on|10px|10px|10px|10px&#8221; border_width_all=&#8221;0px&#8221; box_shadow_style=&#8221;preset1&#8243; box_shadow_vertical=&#8221;10px&#8221; box_shadow_blur=&#8221;60px&#8221; box_shadow_color=&#8221;rgba(1,33,92,0.1)&#8221; global_colors_info=&#8221;{}&#8221;]<\/p>\n<p style=\"margin-top: 0cm;\">Minden helysz\u00ednen \u00e9s a tranzakci\u00f3 el\u0151tt \u00e9s ut\u00e1n is ellen\u0151rizheted az egyenlegedet. Ha k\u00e9ts\u00e9geid vannak b\u00e1rmelyik kor\u00e1bbi tranzakci\u00f3val kapcsolatban, akkor keresd fel az Inform\u00e1ci\u00f3s Pultot \u00e9s k\u00e9rd el a tranzakci\u00f3s el\u0151zm\u00e9nyeidet, vagy k\u00f6vesd online a szem\u00e9lyes fi\u00f3kodon kereszt\u00fcl.<o:p><\/o:p><\/p>\n<p style=\"margin-top: 0cm;\"><b>MEGJEGYZ\u00c9S<\/b>: el\u0151fordulhat, hogy a fesztiv\u00e1lon haszn\u00e1lt eszk\u00f6z\u00f6k csatlakoz\u00e1si probl\u00e9m\u00e1i miatt k\u00e9sik az online vagy az Inform\u00e1ci\u00f3s Pultn\u00e1l l\u00e1tott el\u0151zm\u00e9nyek friss\u00edt\u00e9se. Ebben az esetben v\u00e1rjon a nap v\u00e9g\u00e9ig, hogy megkapja a meger\u0151s\u00edtett tranzakci\u00f3s el\u0151zm\u00e9nyeket.<o:p><\/o:p><\/p>\n<p>[\/et_pb_toggle][\/et_pb_column][et_pb_column type=&#8221;1_2&#8243; _builder_version=&#8221;4.16&#8243; custom_padding=&#8221;|||&#8221; global_colors_info=&#8221;{}&#8221; custom_padding__hover=&#8221;|||&#8221;][et_pb_toggle title=&#8221;Hogyan t\u00f6lthetek p\u00e9nzt online a karszalagomra?&#8221; open_toggle_background_color=&#8221;#ffffff&#8221; closed_toggle_background_color=&#8221;#ffffff&#8221; icon_color=&#8221;#15c39a&#8221; open_icon_color=&#8221;#15c39a&#8221; _builder_version=&#8221;4.21.2&#8243; title_text_color=&#8221;#000000&#8243; title_font=&#8221;|700||on|||||&#8221; title_font_size=&#8221;11px&#8221; title_letter_spacing=&#8221;1px&#8221; title_line_height=&#8221;2em&#8221; body_font=&#8221;||||||||&#8221; body_line_height=&#8221;2em&#8221; custom_padding=&#8221;24px||24px||true&#8221; animation_style=&#8221;zoom&#8221; animation_intensity_zoom=&#8221;10%&#8221; border_radii=&#8221;on|10px|10px|10px|10px&#8221; border_width_all=&#8221;0px&#8221; box_shadow_style=&#8221;preset1&#8243; box_shadow_vertical=&#8221;10px&#8221; box_shadow_blur=&#8221;60px&#8221; box_shadow_color=&#8221;rgba(1,33,92,0.1)&#8221; locked=&#8221;off&#8221; global_colors_info=&#8221;{}&#8221;]<\/p>\n<p>You can top-up your wristband before and even during the festival online, or you can use one of our top-up points on festival grounds.<br \/>Ha online szeretn\u00e9d felt\u00f6lteni az egyenlegedet, regisztr\u00e1lnod kell a felt\u00f6lt\u0151oldalon. A regisztr\u00e1ci\u00f3hoz \u00e9s az online felt\u00f6lt\u00e9shez sz\u00fcks\u00e9ged lesz egy a jegyed vonalk\u00f3d sz\u00e1m\u00e1ra!<\/p>\n<p>If you are already at the festival and don't have the barcode of your ticket, you can also register with the unique, 6-letter code on the back of the chip of your wristband.<\/p>\n<p>A regisztr\u00e1ci\u00f3t k\u00f6vet\u0151en a szem\u00e9lyes fi\u00f3kod kezd\u0151lapj\u00e1n a Top up gombra kattintva kiv\u00e1laszthatod az \u00e1ltalad felt\u00f6lteni k\u00edv\u00e1nt \u00f6sszeget, majd ha hozz\u00e1adtad kosaradhoz, bankk\u00e1rty\u00e1val tudsz fizetni. A felt\u00f6lt\u00e9s sor\u00e1n a fesztiv\u00e1l nem sz\u00e1m\u00edt fel kezel\u00e9si k\u00f6lts\u00e9get.<\/p>\n<p>Amennyiben ink\u00e1bb a helysz\u00ednen szeretn\u00e9l felt\u00f6lteni, keress fel egy felt\u00f6lt\u0151pontot a fesztiv\u00e1l ter\u00fclet\u00e9n \u00e9s fizess k\u00e9szp\u00e9nzzel vagy bankk\u00e1rty\u00e1val.<\/p>\n<p>[\/et_pb_toggle][et_pb_toggle title=&#8221;Mennyi p\u00e9nzt t\u00f6ltsek a karszalagomra?&#8221; open_toggle_background_color=&#8221;#ffffff&#8221; closed_toggle_background_color=&#8221;#ffffff&#8221; icon_color=&#8221;#15c39a&#8221; open_icon_color=&#8221;#15c39a&#8221; _builder_version=&#8221;4.21.2&#8243; title_text_color=&#8221;#000000&#8243; title_font=&#8221;|700||on|||||&#8221; title_font_size=&#8221;11px&#8221; title_letter_spacing=&#8221;1px&#8221; title_line_height=&#8221;2em&#8221; custom_padding=&#8221;24px||24px||true&#8221; animation_style=&#8221;zoom&#8221; animation_intensity_zoom=&#8221;10%&#8221; border_radii=&#8221;on|10px|10px|10px|10px&#8221; border_width_all=&#8221;0px&#8221; box_shadow_style=&#8221;preset1&#8243; box_shadow_vertical=&#8221;10px&#8221; box_shadow_blur=&#8221;60px&#8221; box_shadow_color=&#8221;rgba(1,33,92,0.1)&#8221; locked=&#8221;off&#8221; global_colors_info=&#8221;{}&#8221;]<\/p>\n<p style=\"margin-top: 0cm;\">Te d\u00f6nt\u00f6d el mennyit t\u00f6ltesz a karszalagodra, de javasoljuk, hogy annyit tegy\u00e9l a r\u00e1, amennyi el\u00e9g lesz a teljes ottl\u00e9ted alatt, \u00edgy kevesebb id\u0151t kell sorban \u00e1llnod a felt\u00f6lt\u0151 pontokn\u00e1l, \u00e9s nem kell \u00fajra visszamenned, ha elfogy a kereted.<o:p><\/o:p><\/p>\n<p>[\/et_pb_toggle][et_pb_toggle title=&#8221;Mit vehetek a karszalagommal?&#8221; open_toggle_background_color=&#8221;#ffffff&#8221; closed_toggle_background_color=&#8221;#ffffff&#8221; icon_color=&#8221;#15c39a&#8221; open_icon_color=&#8221;#15c39a&#8221; _builder_version=&#8221;4.21.2&#8243; title_text_color=&#8221;#000000&#8243; title_font=&#8221;|700||on|||||&#8221; title_font_size=&#8221;11px&#8221; title_letter_spacing=&#8221;1px&#8221; title_line_height=&#8221;2em&#8221; custom_padding=&#8221;24px||24px||true&#8221; animation_style=&#8221;zoom&#8221; animation_intensity_zoom=&#8221;10%&#8221; border_radii=&#8221;on|10px|10px|10px|10px&#8221; border_width_all=&#8221;0px&#8221; box_shadow_style=&#8221;preset1&#8243; box_shadow_vertical=&#8221;10px&#8221; box_shadow_blur=&#8221;60px&#8221; box_shadow_color=&#8221;rgba(1,33,92,0.1)&#8221; locked=&#8221;off&#8221; global_colors_info=&#8221;{}&#8221;]<\/p>\n<p style=\"margin-top: 0cm;\">Your wristband is the only accepted payment method at the festival. You can use it in any bar, shop, catering service and for merchandise.<o:p><\/o:p><\/p>\n<p>[\/et_pb_toggle][et_pb_toggle title=&#8221;V\u00edz\u00e1ll\u00f3 a karszalagon lev\u0151 chip?&#8221; open_toggle_background_color=&#8221;#ffffff&#8221; closed_toggle_background_color=&#8221;#ffffff&#8221; icon_color=&#8221;#15c39a&#8221; open_icon_color=&#8221;#15c39a&#8221; _builder_version=&#8221;4.21.2&#8243; title_text_color=&#8221;#000000&#8243; title_font=&#8221;|700||on|||||&#8221; title_font_size=&#8221;11px&#8221; title_letter_spacing=&#8221;1px&#8221; title_line_height=&#8221;2em&#8221; custom_padding=&#8221;24px||24px||true&#8221; animation_style=&#8221;zoom&#8221; animation_intensity_zoom=&#8221;10%&#8221; border_radii=&#8221;on|10px|10px|10px|10px&#8221; border_width_all=&#8221;0px&#8221; box_shadow_style=&#8221;preset1&#8243; box_shadow_vertical=&#8221;10px&#8221; box_shadow_blur=&#8221;60px&#8221; box_shadow_color=&#8221;rgba(1,33,92,0.1)&#8221; locked=&#8221;off&#8221; global_colors_info=&#8221;{}&#8221;]<\/p>\n<p style=\"margin-top: 0cm;\">Yes, and it won't get damaged by sunlight or rain either.<o:p><\/o:p><\/p>\n<p>[\/et_pb_toggle][et_pb_toggle title=&#8221;Mi t\u00f6rt\u00e9nik, ha elvesz\u00edtem a karszalagomat?&#8221; open_toggle_background_color=&#8221;#ffffff&#8221; closed_toggle_background_color=&#8221;#ffffff&#8221; icon_color=&#8221;#15c39a&#8221; open_icon_color=&#8221;#15c39a&#8221; _builder_version=&#8221;4.21.2&#8243; title_text_color=&#8221;#000000&#8243; title_font=&#8221;|700||on|||||&#8221; title_font_size=&#8221;11px&#8221; title_letter_spacing=&#8221;1px&#8221; title_line_height=&#8221;2em&#8221; custom_padding=&#8221;24px||24px||true&#8221; animation_style=&#8221;zoom&#8221; animation_intensity_zoom=&#8221;10%&#8221; border_radii=&#8221;on|10px|10px|10px|10px&#8221; border_width_all=&#8221;0px&#8221; box_shadow_style=&#8221;preset1&#8243; box_shadow_vertical=&#8221;10px&#8221; box_shadow_blur=&#8221;60px&#8221; box_shadow_color=&#8221;rgba(1,33,92,0.1)&#8221; locked=&#8221;off&#8221; global_colors_info=&#8221;{}&#8221;]<\/p>\n<p style=\"margin-top: 0cm;\">Losing your wristband is the same as losing your wallet or ticket, so please make sure it is secured around your wrist. In case it gets lost or stolen despite your precautions, you can request a new one at the Information Desk. You will be requested to show your ticket and\/or adequate means of identification. However, any amount left on the original wristband will be lost.<o:p><\/o:p><\/p>\n<p>[\/et_pb_toggle][et_pb_toggle title=&#8221;Hogyan ig\u00e9nyelhetem vissza az egyenlegemen maradt \u00f6sszeget?&#8221; open_toggle_background_color=&#8221;#ffffff&#8221; closed_toggle_background_color=&#8221;#ffffff&#8221; icon_color=&#8221;#15c39a&#8221; open_icon_color=&#8221;#15c39a&#8221; _builder_version=&#8221;4.21.2&#8243; title_text_color=&#8221;#000000&#8243; title_font=&#8221;|700||on|||||&#8221; title_font_size=&#8221;11px&#8221; title_letter_spacing=&#8221;1px&#8221; title_line_height=&#8221;2em&#8221; custom_padding=&#8221;24px||24px||true&#8221; animation_style=&#8221;zoom&#8221; animation_intensity_zoom=&#8221;10%&#8221; border_radii=&#8221;on|10px|10px|10px|10px&#8221; border_width_all=&#8221;0px&#8221; box_shadow_style=&#8221;preset1&#8243; box_shadow_vertical=&#8221;10px&#8221; box_shadow_blur=&#8221;60px&#8221; box_shadow_color=&#8221;rgba(1,33,92,0.1)&#8221; locked=&#8221;off&#8221; global_colors_info=&#8221;{}&#8221;]<\/p>\n<p style=\"margin-top: 0cm;\">Ha marad p\u00e9nz a karszalagodon, akkor a helysz\u00ednen b\u00e1rmelyik felt\u00f6lt\u0151ponton, vagy online a visszat\u00e9r\u00edt\u00e9si fel\u00fcleten visszak\u00e9rheted. Helysz\u00edni visszat\u00e9r\u00edt\u00e9sn\u00e9l, k\u00e9rj\u00fck, vedd figyelembe, hogy a felt\u00f6lt\u0151 pontok a fesztiv\u00e1l hivatalos z\u00e1r\u00e1s\u00e1ig tartanak nyitva. Ha ink\u00e1bb online visszat\u00e9r\u00edt\u00e9st szeretn\u00e9l ig\u00e9nyelni, akkor ne felejtsd el megtartani a karszalagodat, miut\u00e1n elhagytad a fesztiv\u00e1lt, mert sz\u00fcks\u00e9ged lesz r\u00e1.<o:p><\/o:p><\/p>\n<p>[\/et_pb_toggle][\/et_pb_column][\/et_pb_row][\/et_pb_section]<\/p>","protected":false},"excerpt":{"rendered":"<p>Cashless K\u00e9szp\u00e9nzmentes fizet\u00e9si rendszer A cashless egy olyan k\u00e9szp\u00e9nzmentes fizet\u00e9si rendszer, amely a fesztiv\u00e1lon bel\u00fcli tranzakci\u00f3kat gyorsabb\u00e1 \u00e9s k\u00f6nnyebb\u00e9 teszi. Lesz egy karszalagod, amelyre felt\u00f6ltheted az elk\u00f6lteni k\u00edv\u00e1nt \u00f6sszeget, majd azzal b\u00e1rmelyik vend\u00e9gl\u00e1t\u00f3 egys\u00e9gn\u00e9l vagy boltn\u00e1l fizetni tudsz a fesztiv\u00e1l ter\u00fclet\u00e9n. A karszalagon maradt egyenlegedet pedig t\u00e1voz\u00e1s el\u0151tt visszak\u00e9rheted a helysz\u00ednen vagy ak\u00e1r a fesztiv\u00e1l [&hellip;]<\/p>","protected":false},"author":1,"featured_media":0,"parent":0,"menu_order":0,"comment_status":"closed","ping_status":"closed","template":"","meta":{"_et_pb_use_builder":"on","_et_pb_old_content":"","_et_gb_content_width":"","footnotes":""},"class_list":["post-307","page","type-page","status-publish","hentry"],"_links":{"self":[{"href":"https:\/\/www.feketezaj.hu\/en\/wp-json\/wp\/v2\/pages\/307","targetHints":{"allow":["GET"]}}],"collection":[{"href":"https:\/\/www.feketezaj.hu\/en\/wp-json\/wp\/v2\/pages"}],"about":[{"href":"https:\/\/www.feketezaj.hu\/en\/wp-json\/wp\/v2\/types\/page"}],"author":[{"embeddable":true,"href":"https:\/\/www.feketezaj.hu\/en\/wp-json\/wp\/v2\/users\/1"}],"replies":[{"embeddable":true,"href":"https:\/\/www.feketezaj.hu\/en\/wp-json\/wp\/v2\/comments?post=307"}],"version-history":[{"count":7,"href":"https:\/\/www.feketezaj.hu\/en\/wp-json\/wp\/v2\/pages\/307\/revisions"}],"predecessor-version":[{"id":4642,"href":"https:\/\/www.feketezaj.hu\/en\/wp-json\/wp\/v2\/pages\/307\/revisions\/4642"}],"wp:attachment":[{"href":"https:\/\/www.feketezaj.hu\/en\/wp-json\/wp\/v2\/media?parent=307"}],"curies":[{"name":"wp","href":"https:\/\/api.w.org\/{rel}","templated":true}]}}