{"id":694,"date":"2024-04-18T10:20:30","date_gmt":"2024-04-18T08:20:30","guid":{"rendered":"https:\/\/www.feketezaj.hu\/?page_id=694"},"modified":"2026-03-10T12:17:15","modified_gmt":"2026-03-10T11:17:15","slug":"partnerek-2","status":"publish","type":"page","link":"https:\/\/www.feketezaj.hu\/en\/partnerek-2\/","title":{"rendered":"\u2022 2026 PARTNEREK"},"content":{"rendered":"<div data-elementor-type=\"wp-page\" data-elementor-id=\"694\" class=\"elementor elementor-694\" data-elementor-post-type=\"page\">\n\t\t\t\t<div class=\"elementor-element elementor-element-7d6522e0 e-flex e-con-boxed e-con e-parent\" data-id=\"7d6522e0\" data-element_type=\"container\" data-e-type=\"container\" data-settings=\"{&quot;background_background&quot;:&quot;classic&quot;}\">\n\t\t\t\t\t<div class=\"e-con-inner\">\n\t\t<div class=\"elementor-element elementor-element-9601333 e-con-full e-flex e-con e-child\" data-id=\"9601333\" data-element_type=\"container\" data-e-type=\"container\">\n\t\t\t\t<div class=\"elementor-element elementor-element-43016afe elementor-widget elementor-widget-heading\" data-id=\"43016afe\" data-element_type=\"widget\" data-e-type=\"widget\" data-widget_type=\"heading.default\">\n\t\t\t\t<div class=\"elementor-widget-container\">\n\t\t\t\t\t<h1 class=\"elementor-heading-title elementor-size-default\">Partners<\/h1>\t\t\t\t<\/div>\n\t\t\t\t<\/div>\n\t\t\t\t<div class=\"elementor-element elementor-element-424952b2 elementor-widget elementor-widget-heading\" data-id=\"424952b2\" data-element_type=\"widget\" data-e-type=\"widget\" data-widget_type=\"heading.default\">\n\t\t\t\t<div class=\"elementor-widget-container\">\n\t\t\t\t\t<h1 class=\"elementor-heading-title elementor-size-default\">\u2022<\/h1>\t\t\t\t<\/div>\n\t\t\t\t<\/div>\n\t\t\t\t<\/div>\n\t\t<div class=\"elementor-element elementor-element-d41ba73 e-con-full e-flex e-con e-child\" data-id=\"d41ba73\" data-element_type=\"container\" data-e-type=\"container\">\n\t\t<div class=\"elementor-element elementor-element-b6b2928 e-con-full e-flex e-con e-child\" data-id=\"b6b2928\" data-element_type=\"container\" data-e-type=\"container\">\n\t\t\t\t<div class=\"elementor-element elementor-element-8d30806 elementor-widget elementor-widget-image\" data-id=\"8d30806\" data-element_type=\"widget\" data-e-type=\"widget\" data-widget_type=\"image.default\">\n\t\t\t\t<div class=\"elementor-widget-container\">\n\t\t\t\t\t\t\t\t\t\t\t\t\t\t\t<img decoding=\"async\" src=\"https:\/\/www.feketezaj.hu\/wp-content\/uploads\/elementor\/thumbs\/kraken-qs7lrscseqr5fsusmuo1ss59cu1i1643rolvnwmbrk.png\" title=\"kraken\" alt=\"kraken\" loading=\"lazy\" \/>\t\t\t\t\t\t\t\t\t\t\t\t\t\t\t<\/div>\n\t\t\t\t<\/div>\n\t\t\t\t<div class=\"elementor-element elementor-element-01a1272 elementor-widget elementor-widget-image\" data-id=\"01a1272\" data-element_type=\"widget\" data-e-type=\"widget\" data-widget_type=\"image.default\">\n\t\t\t\t<div class=\"elementor-widget-container\">\n\t\t\t\t\t\t\t\t\t\t\t\t\t\t\t<img decoding=\"async\" src=\"https:\/\/www.feketezaj.hu\/wp-content\/uploads\/elementor\/thumbs\/hangfoglalo-1-qs7lmn6l0dpnwmbro4mjnkvgbxe6wsoze8384e8vtc.png\" title=\"hangfoglalo\" alt=\"hangfoglalo\" loading=\"lazy\" \/>\t\t\t\t\t\t\t\t\t\t\t\t\t\t\t<\/div>\n\t\t\t\t<\/div>\n\t\t\t\t<div class=\"elementor-element elementor-element-a95d56f elementor-widget elementor-widget-image\" data-id=\"a95d56f\" data-element_type=\"widget\" data-e-type=\"widget\" data-widget_type=\"image.default\">\n\t\t\t\t<div class=\"elementor-widget-container\">\n\t\t\t\t\t\t\t\t\t\t\t\t\t\t\t<img decoding=\"async\" src=\"https:\/\/www.feketezaj.hu\/wp-content\/uploads\/elementor\/thumbs\/pku-qs7lnz4coxjacqe4w7cioqrymktwtczaktczli9t00.png\" title=\"pku\" alt=\"pku\" loading=\"lazy\" \/>\t\t\t\t\t\t\t\t\t\t\t\t\t\t\t<\/div>\n\t\t\t\t<\/div>\n\t\t\t\t<div class=\"elementor-element elementor-element-e632bff elementor-widget elementor-widget-image\" data-id=\"e632bff\" data-element_type=\"widget\" data-e-type=\"widget\" data-widget_type=\"image.default\">\n\t\t\t\t<div class=\"elementor-widget-container\">\n\t\t\t\t\t\t\t\t\t\t\t\t\t\t\t<img decoding=\"async\" src=\"https:\/\/www.feketezaj.hu\/wp-content\/uploads\/elementor\/thumbs\/nka-qs7lpvqkju57w9mgrj0a8rglzpfpf9jp68zfmpg2ds.png\" title=\"nka\" alt=\"nka\" loading=\"lazy\" \/>\t\t\t\t\t\t\t\t\t\t\t\t\t\t\t<\/div>\n\t\t\t\t<\/div>\n\t\t\t\t<\/div>\n\t\t<div class=\"elementor-element elementor-element-d31003d e-con-full e-flex e-con e-child\" data-id=\"d31003d\" data-element_type=\"container\" data-e-type=\"container\">\n\t\t\t\t<div class=\"elementor-element elementor-element-0654f49 elementor-widget elementor-widget-image\" data-id=\"0654f49\" data-element_type=\"widget\" data-e-type=\"widget\" data-widget_type=\"image.default\">\n\t\t\t\t<div class=\"elementor-widget-container\">\n\t\t\t\t\t\t\t\t\t\t\t\t\t\t\t<img decoding=\"async\" src=\"https:\/\/www.feketezaj.hu\/wp-content\/uploads\/elementor\/thumbs\/mad-scientist-240x300-1-qltt9hzjrax5v2wxjpsj3656tz1lpdwwnm4sumwhzk.png\" title=\"mad-scientist-240&#215;300 1\" alt=\"mad-scientist-240x300 1\" loading=\"lazy\" \/>\t\t\t\t\t\t\t\t\t\t\t\t\t\t\t<\/div>\n\t\t\t\t<\/div>\n\t\t\t\t<div class=\"elementor-element elementor-element-d4cc240 elementor-widget elementor-widget-image\" data-id=\"d4cc240\" data-element_type=\"widget\" data-e-type=\"widget\" data-widget_type=\"image.default\">\n\t\t\t\t<div class=\"elementor-widget-container\">\n\t\t\t\t\t\t\t\t\t\t\t\t\t\t\t<img decoding=\"async\" src=\"https:\/\/www.feketezaj.hu\/wp-content\/uploads\/elementor\/thumbs\/mediator-qs7lsxporgbrmn6pxcjmuhpjhsdnfuoaldb8s2x05s.png\" title=\"mediator\" alt=\"mediator\" loading=\"lazy\" \/>\t\t\t\t\t\t\t\t\t\t\t\t\t\t\t<\/div>\n\t\t\t\t<\/div>\n\t\t\t\t<div class=\"elementor-element elementor-element-7453774 elementor-widget elementor-widget-image\" data-id=\"7453774\" data-element_type=\"widget\" data-e-type=\"widget\" data-widget_type=\"image.default\">\n\t\t\t\t<div class=\"elementor-widget-container\">\n\t\t\t\t\t\t\t\t\t\t\t\t\t\t\t<img decoding=\"async\" src=\"https:\/\/www.feketezaj.hu\/wp-content\/uploads\/elementor\/thumbs\/avian-qs7lw77ihqslxwg1v9c00625qyaj60mqpiuxro2sk0.png\" title=\"avian\" alt=\"avian\" loading=\"lazy\" \/>\t\t\t\t\t\t\t\t\t\t\t\t\t\t\t<\/div>\n\t\t\t\t<\/div>\n\t\t\t\t<div class=\"elementor-element elementor-element-79189db elementor-widget elementor-widget-image\" data-id=\"79189db\" data-element_type=\"widget\" data-e-type=\"widget\" data-widget_type=\"image.default\">\n\t\t\t\t<div class=\"elementor-widget-container\">\n\t\t\t\t\t\t\t\t\t\t\t\t\t\t\t<img decoding=\"async\" src=\"https:\/\/www.feketezaj.hu\/wp-content\/uploads\/elementor\/thumbs\/whiskynet-1-qs7p4b7spzqq3tscuy5xid8zffzt00l307z6x5x1xs.png\" title=\"whiskynet\" alt=\"whiskynet\" loading=\"lazy\" \/>\t\t\t\t\t\t\t\t\t\t\t\t\t\t\t<\/div>\n\t\t\t\t<\/div>\n\t\t\t\t<\/div>\n\t\t<div class=\"elementor-element elementor-element-33bca89 e-con-full e-flex e-con e-child\" data-id=\"33bca89\" data-element_type=\"container\" data-e-type=\"container\">\n\t\t\t\t<div class=\"elementor-element elementor-element-fa5db6b elementor-widget elementor-widget-image\" data-id=\"fa5db6b\" data-element_type=\"widget\" data-e-type=\"widget\" data-widget_type=\"image.default\">\n\t\t\t\t<div class=\"elementor-widget-container\">\n\t\t\t\t\t\t\t\t\t\t\t\t\t\t\t<img decoding=\"async\" src=\"https:\/\/www.feketezaj.hu\/wp-content\/uploads\/elementor\/thumbs\/kilohearts-qs7m2jmamhhab589ti2cc2f63l0q4gtikxdxdwo4k0.png\" title=\"kilohearts\" alt=\"kilohearts\" loading=\"lazy\" \/>\t\t\t\t\t\t\t\t\t\t\t\t\t\t\t<\/div>\n\t\t\t\t<\/div>\n\t\t\t\t<div class=\"elementor-element elementor-element-e8959e4 elementor-widget elementor-widget-image\" data-id=\"e8959e4\" data-element_type=\"widget\" data-e-type=\"widget\" data-widget_type=\"image.default\">\n\t\t\t\t<div class=\"elementor-widget-container\">\n\t\t\t\t\t\t\t\t\t\t\t\t\t\t\t<img decoding=\"async\" src=\"https:\/\/www.feketezaj.hu\/wp-content\/uploads\/elementor\/thumbs\/szent-andras-qs7m44yg7dnrzcwzioul25yac36460554t6jnsb40g.png\" title=\"szent andr\u00e1s\" alt=\"szent andr\u00e1s\" loading=\"lazy\" \/>\t\t\t\t\t\t\t\t\t\t\t\t\t\t\t<\/div>\n\t\t\t\t<\/div>\n\t\t\t\t<div class=\"elementor-element elementor-element-7de600d elementor-widget elementor-widget-image\" data-id=\"7de600d\" data-element_type=\"widget\" data-e-type=\"widget\" data-widget_type=\"image.default\">\n\t\t\t\t<div class=\"elementor-widget-container\">\n\t\t\t\t\t\t\t\t\t\t\t\t\t\t\t<img decoding=\"async\" src=\"https:\/\/www.feketezaj.hu\/wp-content\/uploads\/elementor\/thumbs\/gyongyos-1-qs7p331dss28y5kj0x2gr6ebic1jy8pp65bdd5qk28.png\" title=\"gy\u00f6ngy\u00f6s\" alt=\"gy\u00f6ngy\u00f6s\" loading=\"lazy\" \/>\t\t\t\t\t\t\t\t\t\t\t\t\t\t\t<\/div>\n\t\t\t\t<\/div>\n\t\t\t\t<div class=\"elementor-element elementor-element-2a781f7 elementor-widget elementor-widget-image\" data-id=\"2a781f7\" data-element_type=\"widget\" data-e-type=\"widget\" data-widget_type=\"image.default\">\n\t\t\t\t<div class=\"elementor-widget-container\">\n\t\t\t\t\t\t\t\t\t\t\t\t\t\t\t<img decoding=\"async\" src=\"https:\/\/www.feketezaj.hu\/wp-content\/uploads\/elementor\/thumbs\/mate-qs7mglbgrcpjtctpsknmlit5ovs75ml3ugd5krubkg.png\" title=\"mate\" alt=\"mate\" loading=\"lazy\" \/>\t\t\t\t\t\t\t\t\t\t\t\t\t\t\t<\/div>\n\t\t\t\t<\/div>\n\t\t\t\t<\/div>\n\t\t<div class=\"elementor-element elementor-element-cf428fb e-con-full e-flex e-con e-child\" data-id=\"cf428fb\" data-element_type=\"container\" data-e-type=\"container\">\n\t\t\t\t<div class=\"elementor-element elementor-element-e602d42 elementor-widget elementor-widget-image\" data-id=\"e602d42\" data-element_type=\"widget\" data-e-type=\"widget\" data-widget_type=\"image.default\">\n\t\t\t\t<div class=\"elementor-widget-container\">\n\t\t\t\t\t\t\t\t\t\t\t\t\t\t\t<img decoding=\"async\" src=\"https:\/\/www.feketezaj.hu\/wp-content\/uploads\/elementor\/thumbs\/nl-qsbbvou7ensdx4232qm1nh6u9pxbmijuvkxjlu8opc.png\" title=\"nl\" alt=\"nl\" loading=\"lazy\" \/>\t\t\t\t\t\t\t\t\t\t\t\t\t\t\t<\/div>\n\t\t\t\t<\/div>\n\t\t\t\t<div class=\"elementor-element elementor-element-088abe4 elementor-widget elementor-widget-image\" data-id=\"088abe4\" data-element_type=\"widget\" data-e-type=\"widget\" data-widget_type=\"image.default\">\n\t\t\t\t<div class=\"elementor-widget-container\">\n\t\t\t\t\t\t\t\t\t\t\t\t\t\t\t<img decoding=\"async\" src=\"https:\/\/www.feketezaj.hu\/wp-content\/uploads\/elementor\/thumbs\/bbm-1-qs7p1p7xqk61utkw3tj8l0yw0wv3ma7xbaqmxhsf80.png\" title=\"bbm\" alt=\"bbm\" loading=\"lazy\" \/>\t\t\t\t\t\t\t\t\t\t\t\t\t\t\t<\/div>\n\t\t\t\t<\/div>\n\t\t\t\t<div class=\"elementor-element elementor-element-fc3ecb3 elementor-widget elementor-widget-image\" data-id=\"fc3ecb3\" data-element_type=\"widget\" data-e-type=\"widget\" data-widget_type=\"image.default\">\n\t\t\t\t<div class=\"elementor-widget-container\">\n\t\t\t\t\t\t\t\t\t\t\t\t\t\t\t<img decoding=\"async\" src=\"https:\/\/www.feketezaj.hu\/wp-content\/uploads\/elementor\/thumbs\/kv-uj-qscyp8n1tcjz4e752k87bmcz82sh762tohbdnoj18w.png\" title=\"kv \u00faj\" alt=\"kv \u00faj\" loading=\"lazy\" \/>\t\t\t\t\t\t\t\t\t\t\t\t\t\t\t<\/div>\n\t\t\t\t<\/div>\n\t\t\t\t<div class=\"elementor-element elementor-element-a7512ae elementor-widget elementor-widget-image\" data-id=\"a7512ae\" data-element_type=\"widget\" data-e-type=\"widget\" data-widget_type=\"image.default\">\n\t\t\t\t<div class=\"elementor-widget-container\">\n\t\t\t\t\t\t\t\t\t\t\t\t\t\t\t<img decoding=\"async\" src=\"https:\/\/www.feketezaj.hu\/wp-content\/uploads\/elementor\/thumbs\/matrataxi-1-qs7oz53r4sny91ap1ppsso7pt5h4ny28amt1wdl05s.png\" title=\"m\u00e1trataxi\" alt=\"m\u00e1trataxi\" loading=\"lazy\" \/>\t\t\t\t\t\t\t\t\t\t\t\t\t\t\t<\/div>\n\t\t\t\t<\/div>\n\t\t\t\t<\/div>\n\t\t<div class=\"elementor-element elementor-element-84bcc2b e-con-full e-flex e-con e-child\" data-id=\"84bcc2b\" data-element_type=\"container\" data-e-type=\"container\">\n\t\t\t\t<div class=\"elementor-element elementor-element-5c9d6f3 elementor-widget elementor-widget-image\" data-id=\"5c9d6f3\" data-element_type=\"widget\" data-e-type=\"widget\" data-widget_type=\"image.default\">\n\t\t\t\t<div class=\"elementor-widget-container\">\n\t\t\t\t\t\t\t\t\t\t\t\t\t\t\t<img decoding=\"async\" src=\"https:\/\/www.feketezaj.hu\/wp-content\/uploads\/elementor\/thumbs\/kozbelepo-1-qs7oo877s1q3g15erzvqufd1i39pagqfgm43aprkeo.png\" title=\"k\u00f6zbel\u00e9p\u0151\" alt=\"k\u00f6zbel\u00e9p\u0151\" loading=\"lazy\" \/>\t\t\t\t\t\t\t\t\t\t\t\t\t\t\t<\/div>\n\t\t\t\t<\/div>\n\t\t\t\t<\/div>\n\t\t\t\t<\/div>\n\t\t\t\t\t<\/div>\n\t\t\t\t<\/div>\n\t\t\t\t<\/div>","protected":false},"excerpt":{"rendered":"<p>Partnerek \u2022<\/p>","protected":false},"author":1,"featured_media":0,"parent":0,"menu_order":0,"comment_status":"closed","ping_status":"closed","template":"","meta":{"_et_pb_use_builder":"","_et_pb_old_content":"","_et_gb_content_width":"","footnotes":""},"class_list":["post-694","page","type-page","status-publish","hentry"],"_links":{"self":[{"href":"https:\/\/www.feketezaj.hu\/en\/wp-json\/wp\/v2\/pages\/694","targetHints":{"allow":["GET"]}}],"collection":[{"href":"https:\/\/www.feketezaj.hu\/en\/wp-json\/wp\/v2\/pages"}],"about":[{"href":"https:\/\/www.feketezaj.hu\/en\/wp-json\/wp\/v2\/types\/page"}],"author":[{"embeddable":true,"href":"https:\/\/www.feketezaj.hu\/en\/wp-json\/wp\/v2\/users\/1"}],"replies":[{"embeddable":true,"href":"https:\/\/www.feketezaj.hu\/en\/wp-json\/wp\/v2\/comments?post=694"}],"version-history":[{"count":52,"href":"https:\/\/www.feketezaj.hu\/en\/wp-json\/wp\/v2\/pages\/694\/revisions"}],"predecessor-version":[{"id":5265,"href":"https:\/\/www.feketezaj.hu\/en\/wp-json\/wp\/v2\/pages\/694\/revisions\/5265"}],"wp:attachment":[{"href":"https:\/\/www.feketezaj.hu\/en\/wp-json\/wp\/v2\/media?parent=694"}],"curies":[{"name":"wp","href":"https:\/\/api.w.org\/{rel}","templated":true}]}}