{"id":713,"date":"2024-04-08T14:49:58","date_gmt":"2024-04-08T12:49:58","guid":{"rendered":"https:\/\/www.feketezaj.hu\/?page_id=713"},"modified":"2026-03-10T12:16:31","modified_gmt":"2026-03-10T11:16:31","slug":"hazirend-2","status":"publish","type":"page","link":"https:\/\/www.feketezaj.hu\/en\/hazirend-2\/","title":{"rendered":"\u2022 2026 H\u00c1ZIREND"},"content":{"rendered":"<div data-elementor-type=\"wp-page\" data-elementor-id=\"713\" class=\"elementor elementor-713\" data-elementor-post-type=\"page\">\n\t\t\t\t<div class=\"elementor-element elementor-element-6702703d e-flex e-con-boxed e-con e-parent\" data-id=\"6702703d\" data-element_type=\"container\" data-e-type=\"container\" data-settings=\"{&quot;background_background&quot;:&quot;classic&quot;}\">\n\t\t\t\t\t<div class=\"e-con-inner\">\n\t\t<div class=\"elementor-element elementor-element-127ad76 e-con-full e-flex e-con e-child\" data-id=\"127ad76\" data-element_type=\"container\" data-e-type=\"container\">\n\t\t\t\t<div class=\"elementor-element elementor-element-5c8603a7 elementor-widget elementor-widget-heading\" data-id=\"5c8603a7\" data-element_type=\"widget\" data-e-type=\"widget\" data-widget_type=\"heading.default\">\n\t\t\t\t<div class=\"elementor-widget-container\">\n\t\t\t\t\t<h1 class=\"elementor-heading-title elementor-size-default\">House rules<\/h1>\t\t\t\t<\/div>\n\t\t\t\t<\/div>\n\t\t\t\t<div class=\"elementor-element elementor-element-3309e9c elementor-widget elementor-widget-heading\" data-id=\"3309e9c\" data-element_type=\"widget\" data-e-type=\"widget\" data-widget_type=\"heading.default\">\n\t\t\t\t<div class=\"elementor-widget-container\">\n\t\t\t\t\t<h1 class=\"elementor-heading-title elementor-size-default\">\u2022<\/h1>\t\t\t\t<\/div>\n\t\t\t\t<\/div>\n\t\t\t\t<\/div>\n\t\t<div class=\"elementor-element elementor-element-c65e92f e-con-full e-flex e-con e-child\" data-id=\"c65e92f\" data-element_type=\"container\" data-e-type=\"container\">\n\t\t<div class=\"elementor-element elementor-element-5ff69924 e-con-full e-flex e-con e-child\" data-id=\"5ff69924\" data-element_type=\"container\" data-e-type=\"container\">\n\t\t\t\t<div class=\"elementor-element elementor-element-0f60ebe elementor-widget elementor-widget-heading\" data-id=\"0f60ebe\" data-element_type=\"widget\" data-e-type=\"widget\" data-widget_type=\"heading.default\">\n\t\t\t\t<div class=\"elementor-widget-container\">\n\t\t\t\t\t<h4 class=\"elementor-heading-title elementor-size-default\">DEAR ZAJGOER,<\/h4>\t\t\t\t<\/div>\n\t\t\t\t<\/div>\n\t\t\t\t<div class=\"elementor-element elementor-element-11eb2f2 elementor-widget elementor-widget-text-editor\" data-id=\"11eb2f2\" data-element_type=\"widget\" data-e-type=\"widget\" data-widget_type=\"text-editor.default\">\n\t\t\t\t<div class=\"elementor-widget-container\">\n\t\t\t\t\t\t\t\t\t<p><span style=\"font-weight: 400;\">We are delighted to have you with us at this year's Fekete Zaj Festival. It's important to us that all festival participants, whether you bought a ticket or are contributing, feel safe and comfortable, and we'll do our best to make sure that happens. Check out the 2025 Fekete Zaj Festival house rules and please follow them while you are at the Fekete Zaj Festival.<\/span><\/p><p><span style=\"font-weight: 400;\">The organisers of the festival do not support discriminatory behaviour, so please respect this upon entering the festival and act accordingly.\u00a0<\/span><\/p>\t\t\t\t\t\t\t\t<\/div>\n\t\t\t\t<\/div>\n\t\t\t\t<\/div>\n\t\t<div class=\"elementor-element elementor-element-696bc7b e-con-full e-flex e-con e-child\" data-id=\"696bc7b\" data-element_type=\"container\" data-e-type=\"container\">\n\t\t<div class=\"elementor-element elementor-element-5457cef e-con-full e-flex e-con e-child\" data-id=\"5457cef\" data-element_type=\"container\" data-e-type=\"container\">\n\t\t\t\t<div class=\"elementor-element elementor-element-1c7afe0 elementor-widget elementor-widget-heading\" data-id=\"1c7afe0\" data-element_type=\"widget\" data-e-type=\"widget\" data-widget_type=\"heading.default\">\n\t\t\t\t<div class=\"elementor-widget-container\">\n\t\t\t\t\t<h6 class=\"elementor-heading-title elementor-size-default\">Concerning tickets<\/h6>\t\t\t\t<\/div>\n\t\t\t\t<\/div>\n\t\t\t\t<div class=\"elementor-element elementor-element-c67e00d elementor-widget elementor-widget-text-editor\" data-id=\"c67e00d\" data-element_type=\"widget\" data-e-type=\"widget\" data-widget_type=\"text-editor.default\">\n\t\t\t\t<div class=\"elementor-widget-container\">\n\t\t\t\t\t\t\t\t\t<p><span style=\"font-weight: 400;\">The purchase of an admission ticket entitles you to enter the festival only if you accept these rules and acknowledge that the organisers will monitor compliance.<\/span><\/p>\t\t\t\t\t\t\t\t<\/div>\n\t\t\t\t<\/div>\n\t\t\t\t<\/div>\n\t\t<div class=\"elementor-element elementor-element-f442200 e-con-full e-flex e-con e-child\" data-id=\"f442200\" data-element_type=\"container\" data-e-type=\"container\">\n\t\t\t\t<div class=\"elementor-element elementor-element-e977bb1 elementor-widget elementor-widget-heading\" data-id=\"e977bb1\" data-element_type=\"widget\" data-e-type=\"widget\" data-widget_type=\"heading.default\">\n\t\t\t\t<div class=\"elementor-widget-container\">\n\t\t\t\t\t<h6 class=\"elementor-heading-title elementor-size-default\">Entry<\/h6>\t\t\t\t<\/div>\n\t\t\t\t<\/div>\n\t\t\t\t<div class=\"elementor-element elementor-element-21224c7 elementor-widget elementor-widget-text-editor\" data-id=\"21224c7\" data-element_type=\"widget\" data-e-type=\"widget\" data-widget_type=\"text-editor.default\">\n\t\t\t\t<div class=\"elementor-widget-container\">\n\t\t\t\t\t\t\t\t\t<p><span style=\"font-weight: 400;\">By purchasing a ticket, the customer accepts the house rules and the General Terms and Conditions. Tickets are non-refundable. Please only buy tickets at official ticket outlets (<\/span><a href=\"https:\/\/www.tixa.hu\/feketezaj\" target=\"_blank\" rel=\"noopener\">here<\/a><span style=\"font-weight: 400;\">\u00a0and\u00a0<\/span><a href=\"https:\/\/www.tixa.hu\/fekete-zaj-szallas\" target=\"_blank\" rel=\"noopener\">here<\/a><span style=\"font-weight: 400;\">), as we will not be held responsible for any losses suffered by counterfeit tickets in circulation.\u00a0<\/span><\/p><p><span style=\"font-weight: 400;\">Entry to the festival is subject to the time and conditions of the ticket. Tickets purchased in advance will be exchanged for wristbands upon entry. The wristband (festival pass, daily tickets and accommodation) must be worn on your wrist at all times during its validity.<\/span><\/p><p><span style=\"font-weight: 400;\">This will be checked by the organisers upon entry and exit and throughout the festival.<\/span><\/p><p><span style=\"font-weight: 400;\">Daily tickets are valid from 10.00 pm until 10.00 am the next day (on the opening day of the festival from 12.00 pm). Daily ticket holders have access to the same rights and services as pass holders thoughout the validity of the ticket.<\/span><\/p><p><span style=\"font-weight: 400;\">You can access the festival with a 4-day pass from the beginning of the festival at 12.00 pm on the 31st of August 2025 until the end at 10.00 am on the 4th of August 2025.<\/span><\/p><p><span style=\"font-weight: 400;\">If your wristband is invalid, you are obliged to leave the festival area. The ticket\/wristband is not transferable. Only the wristband worn on the hand is considered a valid pass. If a wristband gets damaged, taped over, cut, is larger than the diameter of the wrist, removed from the hand, lost or in any other way compromised, they are considered INVALID and will not be replaced!<\/span><\/p><p><span style=\"font-weight: 400;\">Forgery of tickets is strictly prohibited. Charges will be pressed against counterfeiters and those involved in forgery.<\/span><\/p><p><span style=\"font-weight: 400;\">Anyone who endangers the physical wellbeing, life, safety, property or assets of others in any way, engages in violent conduct, incites against others, engages in any conduct that gives cause to police action, or has been previously removed from the Festival area, may be removed from the Festival area at any time. Any person who engages in threatening or violent behaviour will be immediately removed from the area by Fekete Zaj Festival security.\u00a0<\/span><\/p><p><span style=\"font-weight: 400;\">Anyone who has to be removed from the venue for the above reasons will not get a refund.<\/span><\/p>\t\t\t\t\t\t\t\t<\/div>\n\t\t\t\t<\/div>\n\t\t\t\t<\/div>\n\t\t<div class=\"elementor-element elementor-element-153ac5b e-con-full e-flex e-con e-child\" data-id=\"153ac5b\" data-element_type=\"container\" data-e-type=\"container\">\n\t\t\t\t<div class=\"elementor-element elementor-element-695493f elementor-widget elementor-widget-heading\" data-id=\"695493f\" data-element_type=\"widget\" data-e-type=\"widget\" data-widget_type=\"heading.default\">\n\t\t\t\t<div class=\"elementor-widget-container\">\n\t\t\t\t\t<h6 class=\"elementor-heading-title elementor-size-default\">Entry for children<\/h6>\t\t\t\t<\/div>\n\t\t\t\t<\/div>\n\t\t\t\t<div class=\"elementor-element elementor-element-6bcd822 elementor-widget elementor-widget-text-editor\" data-id=\"6bcd822\" data-element_type=\"widget\" data-e-type=\"widget\" data-widget_type=\"text-editor.default\">\n\t\t\t\t<div class=\"elementor-widget-container\">\n\t\t\t\t\t\t\t\t\t<p><span style=\"font-weight: 400;\">Children under and including the age of 12 can enter the festival free of charge. Everyone under the age of 14 can enter and stay at the venue only with an adult. Accompanying adults need to have a valid ticket.<\/span><\/p><p><span style=\"font-weight: 400;\">If you are coming to the Festival with a child, we recommend that you indicate your name and telephone number on their clothing.<\/span><\/p>\t\t\t\t\t\t\t\t<\/div>\n\t\t\t\t<\/div>\n\t\t\t\t<\/div>\n\t\t<div class=\"elementor-element elementor-element-060e8b2 e-con-full e-flex e-con e-child\" data-id=\"060e8b2\" data-element_type=\"container\" data-e-type=\"container\">\n\t\t\t\t<div class=\"elementor-element elementor-element-a6aa3c6 elementor-widget elementor-widget-heading\" data-id=\"a6aa3c6\" data-element_type=\"widget\" data-e-type=\"widget\" data-widget_type=\"heading.default\">\n\t\t\t\t<div class=\"elementor-widget-container\">\n\t\t\t\t\t<h6 class=\"elementor-heading-title elementor-size-default\">Parking and vehicle access<\/h6>\t\t\t\t<\/div>\n\t\t\t\t<\/div>\n\t\t\t\t<div class=\"elementor-element elementor-element-8ebf905 elementor-widget elementor-widget-text-editor\" data-id=\"8ebf905\" data-element_type=\"widget\" data-e-type=\"widget\" data-widget_type=\"text-editor.default\">\n\t\t\t\t<div class=\"elementor-widget-container\">\n\t\t\t\t\t\t\t\t\t<p><span style=\"font-weight: 400;\">Only vehicles with an entry permit may enter the event area. No vehicles may enter the premises without a permit! It is forbidden to stop or wait in front of the entrance to the event.<\/span><\/p>\t\t\t\t\t\t\t\t<\/div>\n\t\t\t\t<\/div>\n\t\t\t\t<\/div>\n\t\t<div class=\"elementor-element elementor-element-2112c4c e-con-full e-flex e-con e-child\" data-id=\"2112c4c\" data-element_type=\"container\" data-e-type=\"container\">\n\t\t\t\t<div class=\"elementor-element elementor-element-da6b5e6 elementor-widget elementor-widget-heading\" data-id=\"da6b5e6\" data-element_type=\"widget\" data-e-type=\"widget\" data-widget_type=\"heading.default\">\n\t\t\t\t<div class=\"elementor-widget-container\">\n\t\t\t\t\t<h6 class=\"elementor-heading-title elementor-size-default\">Restricted items<\/h6>\t\t\t\t<\/div>\n\t\t\t\t<\/div>\n\t\t\t\t<div class=\"elementor-element elementor-element-1bc05dc elementor-widget elementor-widget-text-editor\" data-id=\"1bc05dc\" data-element_type=\"widget\" data-e-type=\"widget\" data-widget_type=\"text-editor.default\">\n\t\t\t\t<div class=\"elementor-widget-container\">\n\t\t\t\t\t\t\t\t\t<p><span style=\"font-weight: 400;\">It is forbidden to bring glassware, clubs, knives, cutting instruments or any other objects that could endanger the physical safety of others into the festival area. Please note that you are not allowed to bring sharp, metal-tipped umbrellas, hammers, rubber mallets or gas bottle heaters!<\/span><\/p><p><strong>Lighting fires on festival grounds is strictly prohibited!<\/strong><\/p><p><span style=\"font-weight: 400;\">It is prohibited to bring any glass or sharp objects, hitting- and cutting tools, or any items that may threaten the physical well-being of others within festival grounds. Please be advised that pointy, metal-coated umbrellas, hammers, rubber mallets and gas cylinder heaters are also not allowed. You may not bring any alcohol or soft drinks with you. You can bring one batch of unopened mineral water in bottles of maximum 2 liters per person, as well as food for your own consumtion, not reaching commercial quantities. Products like this need to be shown to security upon entry.<\/span><\/p><p><span style=\"font-weight: 400;\">No drugs are allowed on festival grounds.<\/span><\/p>\t\t\t\t\t\t\t\t<\/div>\n\t\t\t\t<\/div>\n\t\t\t\t<\/div>\n\t\t<div class=\"elementor-element elementor-element-70d61d6 e-con-full e-flex e-con e-child\" data-id=\"70d61d6\" data-element_type=\"container\" data-e-type=\"container\">\n\t\t\t\t<div class=\"elementor-element elementor-element-fc41eae elementor-widget elementor-widget-heading\" data-id=\"fc41eae\" data-element_type=\"widget\" data-e-type=\"widget\" data-widget_type=\"heading.default\">\n\t\t\t\t<div class=\"elementor-widget-container\">\n\t\t\t\t\t<h6 class=\"elementor-heading-title elementor-size-default\">Lost and found<\/h6>\t\t\t\t<\/div>\n\t\t\t\t<\/div>\n\t\t\t\t<div class=\"elementor-element elementor-element-62354fd elementor-widget elementor-widget-text-editor\" data-id=\"62354fd\" data-element_type=\"widget\" data-e-type=\"widget\" data-widget_type=\"text-editor.default\">\n\t\t\t\t<div class=\"elementor-widget-container\">\n\t\t\t\t\t\t\t\t\t<p><span style=\"font-weight: 400;\">Please deposit any items found at the Information Desk. It is here that you can look for your lost items.<\/span><\/p>\t\t\t\t\t\t\t\t<\/div>\n\t\t\t\t<\/div>\n\t\t\t\t<\/div>\n\t\t<div class=\"elementor-element elementor-element-32e8111 e-con-full e-flex e-con e-child\" data-id=\"32e8111\" data-element_type=\"container\" data-e-type=\"container\">\n\t\t\t\t<div class=\"elementor-element elementor-element-14ff054 elementor-widget elementor-widget-heading\" data-id=\"14ff054\" data-element_type=\"widget\" data-e-type=\"widget\" data-widget_type=\"heading.default\">\n\t\t\t\t<div class=\"elementor-widget-container\">\n\t\t\t\t\t<h6 class=\"elementor-heading-title elementor-size-default\">Looking out for each other<\/h6>\t\t\t\t<\/div>\n\t\t\t\t<\/div>\n\t\t\t\t<div class=\"elementor-element elementor-element-50b679c elementor-widget elementor-widget-text-editor\" data-id=\"50b679c\" data-element_type=\"widget\" data-e-type=\"widget\" data-widget_type=\"text-editor.default\">\n\t\t\t\t<div class=\"elementor-widget-container\">\n\t\t\t\t\t\t\t\t\t<p><span style=\"font-weight: 400;\">Please be respectful to Fekete Zaj Festival bartenders, staff and guests, we want everyone to feel comfortable and safe at the Festival.<\/span><\/p><p><span style=\"font-weight: 400;\">Don't force alcohol or your company on others if they have no need for it.<\/span><\/p><p><span style=\"font-weight: 400;\">If you see anyone feeling uncomfortable or in need of help, step in yourself or ask our staff, bar staff or volunteers for help.<\/span><\/p><p><span style=\"font-weight: 400;\">What to do if you see someone being harrassed?<\/span><\/p><p><span style=\"font-weight: 400;\">If you're not sure whether you're witnessing harassment or if it's just a disagreement between friends, ask! Let's be careful and look out for each other, rather than let someone feel unsafe without help.<\/span><\/p><p><span style=\"font-weight: 400;\">If you don't want to intervene directly, it can often help to distract the disrespectful, disruptive or harassing person - such as dropping something next to them.\u00a0<\/span><\/p><p><span style=\"font-weight: 400;\">If you feel you don't have the courage to intervene on your own, ask someone to intervene with you - a friend or a member of staff.<\/span><\/p><p><span style=\"font-weight: 400;\">Sometimes it also helps to record the incident - this can discourage the offending party from continuing the behaviour.<\/span><\/p><p><span style=\"font-weight: 400;\">Ha valamilyen okb\u00f3l nem tudt\u00e1l a helyzetben k\u00f6zbel\u00e9pni vagy reag\u00e1lni, akkor ut\u00f3lag menj oda ahhoz, akit kellemetlens\u00e9g vagy zaklat\u00e1s \u00e9rt, h\u00e1tha ut\u00f3lag is tudsz neki seg\u00edteni, jelezni, hogy nincs egyed\u00fcl.\u00a0<\/span><\/p><p><span style=\"font-weight: 400;\">If your behavior is uncomfortable, intimidating, threatening, violent, exclusionary or disruptive to Fekete Zaj Festival staff or guests, you may be immediately banned from the event.\u00a0<\/span><\/p><p><span style=\"font-weight: 400;\">Bar staff will be able to assess how much alcohol you've consumed before they stop serving you. If they ask you to leave, they'll do so with good reason, we therefore ask you to accept their decision.<\/span><\/p>\t\t\t\t\t\t\t\t<\/div>\n\t\t\t\t<\/div>\n\t\t\t\t<\/div>\n\t\t<div class=\"elementor-element elementor-element-266c7a3 e-con-full e-flex e-con e-child\" data-id=\"266c7a3\" data-element_type=\"container\" data-e-type=\"container\">\n\t\t\t\t<div class=\"elementor-element elementor-element-737d7c1 elementor-widget elementor-widget-heading\" data-id=\"737d7c1\" data-element_type=\"widget\" data-e-type=\"widget\" data-widget_type=\"heading.default\">\n\t\t\t\t<div class=\"elementor-widget-container\">\n\t\t\t\t\t<h6 class=\"elementor-heading-title elementor-size-default\">Other<\/h6>\t\t\t\t<\/div>\n\t\t\t\t<\/div>\n\t\t\t\t<div class=\"elementor-element elementor-element-e97e3f7 elementor-widget elementor-widget-text-editor\" data-id=\"e97e3f7\" data-element_type=\"widget\" data-e-type=\"widget\" data-widget_type=\"text-editor.default\">\n\t\t\t\t<div class=\"elementor-widget-container\">\n\t\t\t\t\t\t\t\t\t<p><span style=\"font-weight: 400;\">The organisers reserve the right to change the programme. The entrance fee cannot be reclaimed.<\/span><\/p><p><span style=\"font-weight: 400;\">The organisers cannot be held responsible for any changes due accidents or mistakes of the performers.\u00a0<\/span><\/p><p><span style=\"font-weight: 400;\">Audio and video recordings are made during the event. All participants who appear on the recordings may be named only with their consent, but may not make any claim against the recorders or the organisers. Photography is permitted, but drone recordings on or above the festival site are only allowed with the prior permission of the organisers, in compliance with all applicable legal requirements and without compromising the safety of participants. The person making the recordings must agree in advance with the Organisers on the method and time of making the recordings.<\/span><\/p><p><span style=\"font-weight: 400;\">No commercial or advertising activities of any kind are allowed in the event area without the written permission of the organisers. The event may be subject to extreme sound and light effects, so please keep sensitive visitors away from the stages!<\/span><\/p><p><span style=\"font-weight: 400;\">No alcoholic beverages will be served to persons under 18 years of age or intoxicated persons. Please note that the consumption of drugs is prohibited on the premises of the event, in accordance with the laws in force!<\/span><\/p><p><span style=\"font-weight: 400;\">Medical service is present throughout the festival, 0-24 hours a day - you will find the medical staff next to the staff office. The medical service will provide medical and first aid services to Fekete Zaj Festival participants in accordance with the relevant legislation.\u00a0<\/span><\/p><p><span style=\"font-weight: 400;\">Fekete Zaj Festival is a dog-friendly place, dogs are welcome, but please keep your dog on a lead and away from large crowds and loud music for its own safety. We recommend that you put your name and phone number on your pet's collar.<\/span><\/p><p><span style=\"font-weight: 400;\">Bathing in the lake is prohibited by law.<\/span><\/p><p><span style=\"font-weight: 400;\">Please take extra care of the natural environment and do not litter! The organisers cannot be held responsible for any harm to persons or property.<\/span><\/p><p><span style=\"font-weight: 400;\">The Event will be held even in case of bad weather, no rain checks! Please take care of yourselves and each other.<\/span><\/p><p><span style=\"font-weight: 400;\">The rules may be modified unilaterally by the Organiser.<\/span><\/p><p><span style=\"font-weight: 400;\">Have fun!<\/span><\/p><p><strong><em>The organisers of Fekete Zaj Festival.<\/em><\/strong><\/p>\t\t\t\t\t\t\t\t<\/div>\n\t\t\t\t<\/div>\n\t\t\t\t<\/div>\n\t\t\t\t<\/div>\n\t\t\t\t<\/div>\n\t\t\t\t\t<\/div>\n\t\t\t\t<\/div>\n\t\t\t\t<\/div>","protected":false},"excerpt":{"rendered":"<p>H\u00e1zirend \u2022 KEDVES ZAJONG\u00d3! \u00d6r\u00fcl\u00fcnk, hogy vel\u00fcnk tartasz az idei Fekete Zaj Fesztiv\u00e1lon. Fontos sz\u00e1munkra, hogy a fesztiv\u00e1l \u00f6sszes r\u00e9sztvev\u0151je, jegyv\u00e1s\u00e1rl\u00f3ja \u00e9s k\u00f6zrem\u0171k\u00f6d\u0151je biztons\u00e1gban \u00e9s j\u00f3l \u00e9rezze mag\u00e1t, ennek \u00e9rdek\u00e9ben igyeksz\u00fcnk mindent megtenni! Ismerd meg a 2025-\u00f6s Fekete Zaj Fesztiv\u00e1l h\u00e1zirendj\u00e9t \u00e9s k\u00e9r\u00fcnk, am\u00edg a Fekete Zaj Fesztiv\u00e1lon tart\u00f3zkodsz tartsd is be ezeket a szab\u00e1lyokat! [&hellip;]<\/p>","protected":false},"author":1,"featured_media":0,"parent":0,"menu_order":0,"comment_status":"closed","ping_status":"closed","template":"elementor_canvas","meta":{"_et_pb_use_builder":"","_et_pb_old_content":"","_et_gb_content_width":"","footnotes":""},"class_list":["post-713","page","type-page","status-publish","hentry"],"_links":{"self":[{"href":"https:\/\/www.feketezaj.hu\/en\/wp-json\/wp\/v2\/pages\/713","targetHints":{"allow":["GET"]}}],"collection":[{"href":"https:\/\/www.feketezaj.hu\/en\/wp-json\/wp\/v2\/pages"}],"about":[{"href":"https:\/\/www.feketezaj.hu\/en\/wp-json\/wp\/v2\/types\/page"}],"author":[{"embeddable":true,"href":"https:\/\/www.feketezaj.hu\/en\/wp-json\/wp\/v2\/users\/1"}],"replies":[{"embeddable":true,"href":"https:\/\/www.feketezaj.hu\/en\/wp-json\/wp\/v2\/comments?post=713"}],"version-history":[{"count":77,"href":"https:\/\/www.feketezaj.hu\/en\/wp-json\/wp\/v2\/pages\/713\/revisions"}],"predecessor-version":[{"id":5255,"href":"https:\/\/www.feketezaj.hu\/en\/wp-json\/wp\/v2\/pages\/713\/revisions\/5255"}],"wp:attachment":[{"href":"https:\/\/www.feketezaj.hu\/en\/wp-json\/wp\/v2\/media?parent=713"}],"curies":[{"name":"wp","href":"https:\/\/api.w.org\/{rel}","templated":true}]}}